{"id":1642,"date":"2025-12-30T09:03:41","date_gmt":"2025-12-30T08:03:41","guid":{"rendered":"https:\/\/coaching-therapie-muenchen.de\/kontakt-arvode-bokningar\/"},"modified":"2026-02-16T18:18:44","modified_gmt":"2026-02-16T17:18:44","slug":"kontakt-priser-bokning-coach-terapeut-muenchen","status":"publish","type":"page","link":"https:\/\/coaching-therapie-muenchen.de\/sv\/kontakt-priser-bokning-coach-terapeut-muenchen\/","title":{"rendered":"Kontakt\/Arvode\/Bokningar"},"content":{"rendered":"\t\t<div data-elementor-type=\"wp-page\" data-elementor-id=\"1642\" class=\"elementor elementor-1642 elementor-364\" data-elementor-post-type=\"page\">\n\t\t\t\t<div class=\"elementor-element elementor-element-192697e e-flex e-con-boxed e-con e-parent\" data-id=\"192697e\" data-element_type=\"container\" data-e-type=\"container\" data-settings=\"{&quot;background_background&quot;:&quot;classic&quot;}\">\n\t\t\t\t\t<div class=\"e-con-inner\">\n\t\t\t\t<div class=\"elementor-element elementor-element-c85b107 elementor-widget elementor-widget-heading\" data-id=\"c85b107\" data-element_type=\"widget\" data-e-type=\"widget\" data-widget_type=\"heading.default\">\n\t\t\t\t\t<h1 class=\"elementor-heading-title elementor-size-default\">Kontakt, arvode och bokningar<\/h1>\t\t\t\t<\/div>\n\t\t\t\t\t<\/div>\n\t\t\t\t<\/div>\n\t\t<div class=\"elementor-element elementor-element-42624f5 e-flex e-con-boxed e-con e-parent\" data-id=\"42624f5\" data-element_type=\"container\" data-e-type=\"container\" data-settings=\"{&quot;background_background&quot;:&quot;classic&quot;}\">\n\t\t\t\t\t<div class=\"e-con-inner\">\n\t\t\t\t<div class=\"elementor-element elementor-element-0e5cd31 elementor-widget elementor-widget-heading\" data-id=\"0e5cd31\" data-element_type=\"widget\" data-e-type=\"widget\" data-widget_type=\"heading.default\">\n\t\t\t\t\t<h2 class=\"elementor-heading-title elementor-size-default\">Bokningar i onlinekalendern<\/h2>\t\t\t\t<\/div>\n\t\t\t\t\t<\/div>\n\t\t\t\t<\/div>\n\t\t<div class=\"elementor-element elementor-element-dc43e28 e-flex e-con-boxed e-con e-parent\" data-id=\"dc43e28\" data-element_type=\"container\" data-e-type=\"container\" data-settings=\"{&quot;background_background&quot;:&quot;classic&quot;}\">\n\t\t\t\t\t<div class=\"e-con-inner\">\n\t\t\t\t<div class=\"elementor-element elementor-element-f217e30 elementor-widget elementor-widget-text-editor\" data-id=\"f217e30\" data-element_type=\"widget\" data-e-type=\"widget\" data-widget_type=\"text-editor.default\">\n\t\t\t\t\t\t\t\t\t<p>H\u00e4r kan du enkelt och bekv\u00e4mt boka en tid online. Varmt v\u00e4lkommen!  <\/p>\t\t\t\t\t\t\t\t<\/div>\n\t\t\t\t\t<\/div>\n\t\t\t\t<\/div>\n\t\t<div class=\"elementor-element elementor-element-f174d43 e-flex e-con-boxed e-con e-parent\" data-id=\"f174d43\" data-element_type=\"container\" data-e-type=\"container\" data-settings=\"{&quot;background_background&quot;:&quot;classic&quot;}\">\n\t\t\t\t\t<div class=\"e-con-inner\">\n\t\t<div class=\"elementor-element elementor-element-a6ef3fe e-con-full e-flex e-con e-child\" data-id=\"a6ef3fe\" data-element_type=\"container\" data-e-type=\"container\">\n\t\t\t\t<div class=\"elementor-element elementor-element-f7378ae elementor-widget elementor-widget-button\" data-id=\"f7378ae\" data-element_type=\"widget\" data-e-type=\"widget\" data-widget_type=\"button.default\">\n\t\t\t\t\t\t\t\t\t\t<a class=\"elementor-button elementor-button-link elementor-size-sm\" href=\"https:\/\/calendly.com\/svensson-gixk\/umsonst-kennenlernen-free-get-to-know\" target=\"_blank\" rel=\"noopener\">\n\t\t\t\t\t\t<span class=\"elementor-button-content-wrapper\">\n\t\t\t\t\t\t\t\t\t<span class=\"elementor-button-text\">Boka kostnadsfritt f\u00f6rsta samtal <\/span>\n\t\t\t\t\t<\/span>\n\t\t\t\t\t<\/a>\n\t\t\t\t\t\t\t\t<\/div>\n\t\t\t\t<\/div>\n\t\t<div class=\"elementor-element elementor-element-17385fb e-con-full e-flex e-con e-child\" data-id=\"17385fb\" data-element_type=\"container\" data-e-type=\"container\">\n\t\t\t\t<div class=\"elementor-element elementor-element-a673d8a elementor-widget elementor-widget-button\" data-id=\"a673d8a\" data-element_type=\"widget\" data-e-type=\"widget\" data-widget_type=\"button.default\">\n\t\t\t\t\t\t\t\t\t\t<a class=\"elementor-button elementor-button-link elementor-size-sm\" href=\"https:\/\/calendly.com\/svensson-gixk\/50minpsy-coaching\" target=\"_blank\" rel=\"noopener\">\n\t\t\t\t\t\t<span class=\"elementor-button-content-wrapper\">\n\t\t\t\t\t\t\t\t\t<span class=\"elementor-button-text\">Boka individuell coaching \/ terapi 50 min<\/span>\n\t\t\t\t\t<\/span>\n\t\t\t\t\t<\/a>\n\t\t\t\t\t\t\t\t<\/div>\n\t\t\t\t<\/div>\n\t\t<div class=\"elementor-element elementor-element-aca5241 e-con-full e-flex e-con e-child\" data-id=\"aca5241\" data-element_type=\"container\" data-e-type=\"container\">\n\t\t\t\t<div class=\"elementor-element elementor-element-3646f46 elementor-widget elementor-widget-button\" data-id=\"3646f46\" data-element_type=\"widget\" data-e-type=\"widget\" data-widget_type=\"button.default\">\n\t\t\t\t\t\t\t\t\t\t<a class=\"elementor-button elementor-button-link elementor-size-sm\" href=\"https:\/\/calendly.com\/svensson-gixk\/80-min-paartherapie-couple-s-counseling\" target=\"_blank\" rel=\"noopener\">\n\t\t\t\t\t\t<span class=\"elementor-button-content-wrapper\">\n\t\t\t\t\t\t\t\t\t<span class=\"elementor-button-text\">Boka parsittning parterapi 75 min<\/span>\n\t\t\t\t\t<\/span>\n\t\t\t\t\t<\/a>\n\t\t\t\t\t\t\t\t<\/div>\n\t\t\t\t<\/div>\n\t\t<div class=\"elementor-element elementor-element-b0eab32 e-con-full e-flex e-con e-child\" data-id=\"b0eab32\" data-element_type=\"container\" data-e-type=\"container\">\n\t\t\t\t<div class=\"elementor-element elementor-element-a3d06e0 elementor-widget elementor-widget-button\" data-id=\"a3d06e0\" data-element_type=\"widget\" data-e-type=\"widget\" data-widget_type=\"button.default\">\n\t\t\t\t\t\t\t\t\t\t<a class=\"elementor-button elementor-button-link elementor-size-sm\" href=\"https:\/\/calendly.com\/svensson-gixk\/55-min-paartherapie-couple-s-counseling-klon\" target=\"_blank\" rel=\"noopener\">\n\t\t\t\t\t\t<span class=\"elementor-button-content-wrapper\">\n\t\t\t\t\t\t\t\t\t<span class=\"elementor-button-text\">Boka parsittning parterapi 55 min<\/span>\n\t\t\t\t\t<\/span>\n\t\t\t\t\t<\/a>\n\t\t\t\t\t\t\t\t<\/div>\n\t\t\t\t<\/div>\n\t\t\t\t\t<\/div>\n\t\t\t\t<\/div>\n\t\t<div class=\"elementor-element elementor-element-2264b54 e-flex e-con-boxed e-con e-parent\" data-id=\"2264b54\" data-element_type=\"container\" data-e-type=\"container\" data-settings=\"{&quot;background_background&quot;:&quot;classic&quot;}\">\n\t\t\t\t\t<div class=\"e-con-inner\">\n\t\t\t\t<div class=\"elementor-element elementor-element-881d45c elementor-widget elementor-widget-heading\" data-id=\"881d45c\" data-element_type=\"widget\" data-e-type=\"widget\" data-widget_type=\"heading.default\">\n\t\t\t\t\t<h2 class=\"elementor-heading-title elementor-size-default\">Kontaktformul\u00e4r<\/h2>\t\t\t\t<\/div>\n\t\t\t\t\t<\/div>\n\t\t\t\t<\/div>\n\t\t<div class=\"elementor-element elementor-element-95c7b98 e-flex e-con-boxed e-con e-parent\" data-id=\"95c7b98\" data-element_type=\"container\" data-e-type=\"container\" data-settings=\"{&quot;background_background&quot;:&quot;classic&quot;}\">\n\t\t\t\t\t<div class=\"e-con-inner\">\n\t\t\t\t<div class=\"elementor-element elementor-element-81adc4e elementor-widget elementor-widget-text-editor\" data-id=\"81adc4e\" data-element_type=\"widget\" data-e-type=\"widget\" data-widget_type=\"text-editor.default\">\n\t\t\t\t\t\t\t\t\t<p>Kanske har du en fr\u00e5ga till mig. St\u00e4ll g\u00e4rna din fr\u00e5ga h\u00e4r i formul\u00e4ret. Jag \u00e5terkommer till dig s\u00e5 snart som m\u00f6jligt. Tack.   <\/p>\t\t\t\t\t\t\t\t<\/div>\n\t\t\t\t\t<\/div>\n\t\t\t\t<\/div>\n\t\t<div class=\"elementor-element elementor-element-182f53d e-flex e-con-boxed e-con e-parent\" data-id=\"182f53d\" data-element_type=\"container\" data-e-type=\"container\" data-settings=\"{&quot;background_background&quot;:&quot;classic&quot;}\">\n\t\t\t\t\t<div class=\"e-con-inner\">\n\t\t\t\t<div class=\"elementor-element elementor-element-410dbf7 elementor-button-align-stretch elementor-widget elementor-widget-form\" data-id=\"410dbf7\" data-element_type=\"widget\" data-e-type=\"widget\" data-settings=\"{&quot;step_next_label&quot;:&quot;N\\u00e4sta&quot;,&quot;step_previous_label&quot;:&quot;F\\u00f6reg\\u00e5ende&quot;,&quot;step_type&quot;:&quot;none&quot;,&quot;step_icon_shape&quot;:&quot;none&quot;,&quot;button_width&quot;:&quot;100&quot;}\" data-widget_type=\"form.default\">\n\t\t\t\t\t\t\t<form class=\"elementor-form\" method=\"post\" id=\"Kontaktformular_Svensson_Coaching\" name=\"Meddelande till Lisa Svensson\" aria-label=\"Meddelande till Lisa Svensson\">\n\t\t\t<input type=\"hidden\" name=\"post_id\" value=\"1642\"\/>\n\t\t\t<input type=\"hidden\" name=\"form_id\" value=\"410dbf7\"\/>\n\t\t\t<input type=\"hidden\" name=\"referer_title\" value=\"Kontakt, arvode &amp; tidsbokning | Mottagning M\u00fcnchen Schwabing\" \/>\n\n\t\t\t\t\t\t\t<input type=\"hidden\" name=\"queried_id\" value=\"1642\"\/>\n\t\t\t\n\t\t\t<div class=\"elementor-form-fields-wrapper elementor-labels-above\">\n\t\t\t\t\t\t\t\t<div class=\"elementor-field-type-text elementor-field-group elementor-column elementor-field-group-name elementor-col-100\">\n\t\t\t\t\t\t\t\t\t\t\t\t<label for=\"form-field-name\" class=\"elementor-field-label\">\n\t\t\t\t\t\t\t\tNamn\t\t\t\t\t\t\t<\/label>\n\t\t\t\t\t\t\t\t\t\t\t\t\t\t<input size=\"1\" type=\"text\" name=\"form_fields[name]\" id=\"form-field-name\" class=\"elementor-field elementor-size-sm  elementor-field-textual\" placeholder=\"Namn\">\n\t\t\t\t\t\t\t\t\t\t\t<\/div>\n\t\t\t\t\t\t\t\t<div class=\"elementor-field-type-email elementor-field-group elementor-column elementor-field-group-email elementor-col-100 elementor-field-required\">\n\t\t\t\t\t\t\t\t\t\t\t\t<label for=\"form-field-email\" class=\"elementor-field-label\">\n\t\t\t\t\t\t\t\tE-post\t\t\t\t\t\t\t<\/label>\n\t\t\t\t\t\t\t\t\t\t\t\t\t\t<input size=\"1\" type=\"email\" name=\"form_fields[email]\" id=\"form-field-email\" class=\"elementor-field elementor-size-sm  elementor-field-textual\" placeholder=\"E-post\" required=\"required\">\n\t\t\t\t\t\t\t\t\t\t\t<\/div>\n\t\t\t\t\t\t\t\t<div class=\"elementor-field-type-textarea elementor-field-group elementor-column elementor-field-group-message elementor-col-100\">\n\t\t\t\t\t\t\t\t\t\t\t\t<label for=\"form-field-message\" class=\"elementor-field-label\">\n\t\t\t\t\t\t\t\tMeddelande\t\t\t\t\t\t\t<\/label>\n\t\t\t\t\t\t<textarea class=\"elementor-field-textual elementor-field  elementor-size-sm\" name=\"form_fields[message]\" id=\"form-field-message\" rows=\"4\" placeholder=\"Meddelande\"><\/textarea>\t\t\t\t<\/div>\n\t\t\t\t\t\t\t\t<div class=\"elementor-field-type-text\">\n\t\t\t\t\t<input size=\"1\" type=\"text\" name=\"form_fields[field_a8a92ba]\" id=\"form-field-field_a8a92ba\" class=\"elementor-field elementor-size-sm \" style=\"display:none !important;\">\t\t\t\t<\/div>\n\t\t\t\t\t\t\t\t<div class=\"elementor-field-type-acceptance elementor-field-group elementor-column elementor-field-group-field_f23439b elementor-col-100 elementor-field-required\">\n\t\t\t\t\t\t\t\t\t\t\t\t<label for=\"form-field-field_f23439b\" class=\"elementor-field-label\">\n\t\t\t\t\t\t\t\tDataskyddspolicy\t\t\t\t\t\t\t<\/label>\n\t\t\t\t\t\t\t\t<div class=\"elementor-field-subgroup\">\n\t\t\t<span class=\"elementor-field-option\">\n\t\t\t\t<input type=\"checkbox\" name=\"form_fields[field_f23439b]\" id=\"form-field-field_f23439b\" class=\"elementor-field elementor-size-sm  elementor-acceptance-field\" required=\"required\">\n\t\t\t\t<label for=\"form-field-field_f23439b\">Jag har l\u00e4st [Datenschutzerkl\u00e4rung] och godk\u00e4nner den.<\/label>\t\t\t<\/span>\n\t\t<\/div>\n\t\t\t\t\t\t<\/div>\n\t\t\t\t\t\t\t\t<div class=\"elementor-field-group elementor-column elementor-field-type-submit elementor-col-100 e-form__buttons\">\n\t\t\t\t\t<button class=\"elementor-button elementor-size-sm\" type=\"submit\">\n\t\t\t\t\t\t<span class=\"elementor-button-content-wrapper\">\n\t\t\t\t\t\t\t\t\t\t\t\t\t\t\t\t\t\t\t\t\t\t<span class=\"elementor-button-text\">Skicka<\/span>\n\t\t\t\t\t\t\t\t\t\t\t\t\t<\/span>\n\t\t\t\t\t<\/button>\n\t\t\t\t<\/div>\n\t\t\t<\/div>\n\t\t<\/form>\n\t\t\t\t\t\t<\/div>\n\t\t\t\t\t<\/div>\n\t\t\t\t<\/div>\n\t\t<div class=\"elementor-element elementor-element-87a7ce2 e-flex e-con-boxed e-con e-parent\" data-id=\"87a7ce2\" data-element_type=\"container\" data-e-type=\"container\" data-settings=\"{&quot;background_background&quot;:&quot;classic&quot;}\">\n\t\t\t\t\t<div class=\"e-con-inner\">\n\t\t\t\t<div class=\"elementor-element elementor-element-3d17650 elementor-widget elementor-widget-heading\" data-id=\"3d17650\" data-element_type=\"widget\" data-e-type=\"widget\" data-widget_type=\"heading.default\">\n\t\t\t\t\t<h2 class=\"elementor-heading-title elementor-size-default\">Kontakt och v\u00e4gbeskrivning<\/h2>\t\t\t\t<\/div>\n\t\t\t\t\t<\/div>\n\t\t\t\t<\/div>\n\t\t<div class=\"elementor-element elementor-element-e0718fc e-flex e-con-boxed e-con e-parent\" data-id=\"e0718fc\" data-element_type=\"container\" data-e-type=\"container\" data-settings=\"{&quot;background_background&quot;:&quot;classic&quot;}\">\n\t\t\t\t\t<div class=\"e-con-inner\">\n\t\t\t\t<div class=\"elementor-element elementor-element-4679ec0 elementor-widget elementor-widget-text-editor\" data-id=\"4679ec0\" data-element_type=\"widget\" data-e-type=\"widget\" data-widget_type=\"text-editor.default\">\n\t\t\t\t\t\t\t\t\t<p><strong>Mottagningsadress:<\/strong><\/p><p>Lisa Svensson<\/p><p>Praxis Svensson (1:a v\u00e5ningen till h\u00f6ger)<\/p><p>Morawitzkystrasse 4<\/p><p>80803 M\u00fcnchen<\/p><p> <\/p><p><strong>Kontakt:<\/strong><\/p><p>F\u00f6redraget kontakts\u00e4tt \u00e4r via e-post: svensson@coaching-therapie-muenchen.de<\/p><p>Annars: (+49) 0163-517 85 77<\/p><p> <\/p><p><strong>V\u00e4gbeskrivning och parkering<\/strong>:<\/p><p>Endast 3 minuters promenad fr\u00e5n <strong>tunnelbanan (U3, U6)<\/strong> M\u00fcnchner Freiheit i Schwabing.<\/p><p>Avgiftsbelagda <strong>parkeringsplatser<\/strong> med automat finns p\u00e5 de omgivande gatorna. Observera att det \u00e4r boendeparkering (med regelbunden kontroll) direkt framf\u00f6r huset. <\/p><p>N\u00e4rmaste <strong>lediga parkeringsplats<\/strong> finns p\u00e5 Berlinerstrasse, cirka 7-10 minuters promenad fr\u00e5n mottagningen.<\/p>\t\t\t\t\t\t\t\t<\/div>\n\t\t\t\t\t<\/div>\n\t\t\t\t<\/div>\n\t\t<div class=\"elementor-element elementor-element-3579a45 e-flex e-con-boxed e-con e-parent\" data-id=\"3579a45\" data-element_type=\"container\" data-e-type=\"container\" data-settings=\"{&quot;background_background&quot;:&quot;classic&quot;}\">\n\t\t\t\t\t<div class=\"e-con-inner\">\n\t\t\t\t<div class=\"elementor-element elementor-element-53f0759 elementor-widget elementor-widget-heading\" data-id=\"53f0759\" data-element_type=\"widget\" data-e-type=\"widget\" data-widget_type=\"heading.default\">\n\t\t\t\t\t<h2 class=\"elementor-heading-title elementor-size-default\">Arvode <\/h2>\t\t\t\t<\/div>\n\t\t\t\t\t<\/div>\n\t\t\t\t<\/div>\n\t\t<div class=\"elementor-element elementor-element-5982aa6 e-flex e-con-boxed e-con e-parent\" data-id=\"5982aa6\" data-element_type=\"container\" data-e-type=\"container\" data-settings=\"{&quot;background_background&quot;:&quot;classic&quot;}\">\n\t\t\t\t\t<div class=\"e-con-inner\">\n\t\t\t\t<div class=\"elementor-element elementor-element-dd5ffe2 elementor-widget elementor-widget-text-editor\" data-id=\"dd5ffe2\" data-element_type=\"widget\" data-e-type=\"widget\" data-widget_type=\"text-editor.default\">\n\t\t\t\t\t\t\t\t\t<div id=\"cc-m-7885345920\" class=\"j-module n j-text \"><p><strong>ERBJUDANDEN F\u00d6R ENSKILDA KLIENTER<\/strong><\/p><p><strong>Kostnadsfritt f\u00f6rsta samtal:<\/strong> Telefonsamtal, 15 minuter<\/p><p><strong>Coaching<\/strong> (50 min): 170 \u20ac *<\/p><p><strong>Psykoterapi<\/strong> f\u00f6r privatbetalande (50 min): 133 \u20ac **<\/p><p><strong>Psykoterapi<\/strong> f\u00f6r privatf\u00f6rs\u00e4krade (50 min): Enligt f\u00f6rteckningen f\u00f6r Heilpraktiker (Geb\u00fcH) ***<\/p><p>* Coaching f\u00f6r yrket kan ev. dras av skattem\u00e4ssigt.<\/p><p>** Vid behov ger jag g\u00e4rna en rabatt p\u00e5 fem till tjugo procent vid psykoterapi beroende p\u00e5 ekonomisk situation. V\u00e4nligen kontakta mig ang\u00e5ende detta.<\/p><p>*** F\u00f6r information om \u00e5terbetalning fr\u00e5n sjukf\u00f6rs\u00e4kringen, se nedan.<\/p><p><strong>PAKET F\u00d6R ENSKILDA KLIENTER<\/strong><\/p><p><strong>5 x psykoterapi \u00e0 50 minuter<\/strong>: 632 \u20ac<\/p><p>Vi diskuterar under det f\u00f6rsta m\u00f6tet om du vill ha ett paket eller inte. Det f\u00f6rsta m\u00f6tet kan ing\u00e5 i paketet eller inte. Du best\u00e4mmer det under eller efter det f\u00f6rsta m\u00f6tet.<\/p><p>\u00a0<\/p><p>I priserna f\u00f6r coaching ing\u00e5r ingen moms p\u00e5 grund av sm\u00e5f\u00f6retagsregleringen (Kleinunternehmenregelung)<\/p><p>Arvodena f\u00f6r medicinska behandlingar (heilkundliche Psychotherapie) \u00e4r momsbefriade enligt \u00a7 4 nr 14 UStG.<\/p><\/div><div id=\"cc-m-7885347320\" class=\"j-module n j-hr \">\u00a0<\/div>\t\t\t\t\t\t\t\t<\/div>\n\t\t\t\t\t<\/div>\n\t\t\t\t<\/div>\n\t\t<div class=\"elementor-element elementor-element-50efc32 e-flex e-con-boxed e-con e-parent\" data-id=\"50efc32\" data-element_type=\"container\" data-e-type=\"container\" data-settings=\"{&quot;background_background&quot;:&quot;classic&quot;}\">\n\t\t\t\t\t<div class=\"e-con-inner\">\n\t\t\t\t<div class=\"elementor-element elementor-element-6da36c8 elementor-widget elementor-widget-text-editor\" data-id=\"6da36c8\" data-element_type=\"widget\" data-e-type=\"widget\" data-widget_type=\"text-editor.default\">\n\t\t\t\t\t\t\t\t\t<p><strong>ERBJUDANDEN F\u00d6R PAR<\/strong><\/p><p><strong>Kostnadsfritt f\u00f6rsta samtal:<\/strong> Telefonsamtal, 15 minuter<\/p><p><strong>Parterapi,<\/strong><\/p><p>75 min: 200 \u20ac <strong>\u00b0<\/strong><\/p><p>55 min: 163 \u20ac <strong>\u00b0<\/strong><\/p><p><strong>PAKET INOM RAMEN F\u00d6R PARTERAPI<\/strong><\/p><p><strong>Par Power-relationspaket<\/strong>: 1011 \u20ac <strong>\u00b0<\/strong><\/p><p><em>(Totalt 6 sessioner. Session 1: Parsession \u00e0 75 min, Session 2 och 3: En individuell session med respektive partner \u00e0 50 min, Session 4-6: Parsessioner \u00e0 75 min)<\/em><\/p><p><strong>\u00b0 I priserna f\u00f6r parterapi ing\u00e5r ingen moms p\u00e5 grund av sm\u00e5f\u00f6retagsregleringen (Kleinunternehmenregelung)<\/strong><\/p>\t\t\t\t\t\t\t\t<\/div>\n\t\t\t\t\t<\/div>\n\t\t\t\t<\/div>\n\t\t<div class=\"elementor-element elementor-element-c7ebf9f e-flex e-con-boxed e-con e-parent\" data-id=\"c7ebf9f\" data-element_type=\"container\" data-e-type=\"container\" data-settings=\"{&quot;background_background&quot;:&quot;classic&quot;}\">\n\t\t\t\t\t<div class=\"e-con-inner\">\n\t\t\t\t<div class=\"elementor-element elementor-element-01c87d3 elementor-widget elementor-widget-heading\" data-id=\"01c87d3\" data-element_type=\"widget\" data-e-type=\"widget\" data-widget_type=\"heading.default\">\n\t\t\t\t\t<h2 class=\"elementor-heading-title elementor-size-default\">Ytterligare information<\/h2>\t\t\t\t<\/div>\n\t\t\t\t\t<\/div>\n\t\t\t\t<\/div>\n\t\t<div class=\"elementor-element elementor-element-e648477 e-flex e-con-boxed e-con e-parent\" data-id=\"e648477\" data-element_type=\"container\" data-e-type=\"container\" data-settings=\"{&quot;background_background&quot;:&quot;classic&quot;}\">\n\t\t\t\t\t<div class=\"e-con-inner\">\n\t\t\t\t<div class=\"elementor-element elementor-element-e588235 elementor-widget elementor-widget-text-editor\" data-id=\"e588235\" data-element_type=\"widget\" data-e-type=\"widget\" data-widget_type=\"text-editor.default\">\n\t\t\t\t\t\t\t\t\t<div id=\"cc-m-7885339420\" class=\"j-module n j-text \"><p><strong>\u00c5TERBETALNINGAR<\/strong><\/p><p><strong>Vid privat sjukf\u00f6rs\u00e4kring<\/strong>:<\/p><p>De flesta privata f\u00f6rs\u00e4kringar ers\u00e4tter mina arvoden f\u00f6r individuell terapi. V\u00e4nligen klarg\u00f6r detta f\u00f6re terapins b\u00f6rjan. Min yrkesbeteckning \u00e4r <em>Heilpraktikerin f\u00fcr Psychotherapie<\/em>.<\/p><p>Jag fakturerar privatf\u00f6rs\u00e4krade enligt Geb\u00fchrenordnung f\u00fcr Heilpraktiker.<\/p><p><strong>Vid lagstadgad sjukf\u00f6rs\u00e4kring<\/strong>:<\/p><p>Den lagstadgade sjukf\u00f6rs\u00e4kringen t\u00e4cker tyv\u00e4rr normalt sett inga kostnader.<\/p><\/div><div id=\"cc-m-8232030220\" class=\"j-module n j-hr \"><hr \/><\/div><div id=\"cc-m-8815438520\" class=\"j-module n j-text \"><p><strong>SKATTER\u00c4TTSLIG INFORMATION<\/strong><\/p><p>Coaching kan dras av skattem\u00e4ssigt som en utbildnings\u00e5tg\u00e4rd!<\/p><p>Arvodena f\u00f6r medicinska behandlingar (heilkundliche Psychotherapie) \u00e4r momsbefriade enligt \u00a7 4 nr 14 UStG.<\/p><\/div><div id=\"cc-m-8815438620\" class=\"j-module n j-hr \"><hr \/><\/div><div id=\"cc-m-8232030320\" class=\"j-module n j-text \"><p><strong>KORTFRISTIGA AVBOKNINGAR \/ UTEBLIVEN N\u00c4RVARO<\/strong><\/p><p>Bokade behandlingstider som avbokas kortare tid \u00e4n 48 timmar f\u00f6re den avtalade tiden debiteras till 100 %.<\/p><\/div><div id=\"cc-m-8232031220\" class=\"j-module n j-hr \">\u00a0<\/div>\t\t\t\t\t\t\t\t<\/div>\n\t\t\t\t\t<\/div>\n\t\t\t\t<\/div>\n\t\t<div class=\"elementor-element elementor-element-4a195fd e-flex e-con-boxed e-con e-parent\" data-id=\"4a195fd\" data-element_type=\"container\" data-e-type=\"container\" data-settings=\"{&quot;background_background&quot;:&quot;classic&quot;}\">\n\t\t\t\t\t<div class=\"e-con-inner\">\n\t\t\t\t<div class=\"elementor-element elementor-element-93ab432 elementor-widget elementor-widget-spacer\" data-id=\"93ab432\" data-element_type=\"widget\" data-e-type=\"widget\" data-widget_type=\"spacer.default\">\n\t\t\t\t\t\t\t<div class=\"elementor-spacer\">\n\t\t\t<div class=\"elementor-spacer-inner\"><\/div>\n\t\t<\/div>\n\t\t\t\t\t\t<\/div>\n\t\t\t\t\t<\/div>\n\t\t\t\t<\/div>\n\t\t\t\t<\/div>\n\t\t","protected":false},"excerpt":{"rendered":"<p>Kontakt, arvode och bokningar Bokningar i onlinekalendern H\u00e4r kan du enkelt och bekv\u00e4mt boka en tid online. Varmt v\u00e4lkommen! Boka kostnadsfritt f\u00f6rsta samtal Boka individuell coaching \/ terapi 50 min Boka parsittning parterapi 75 min Boka parsittning parterapi 55 min Kontaktformul\u00e4r Kanske har du en fr\u00e5ga till mig. St\u00e4ll g\u00e4rna din fr\u00e5ga h\u00e4r i formul\u00e4ret. [&hellip;]<\/p>\n","protected":false},"author":1,"featured_media":0,"parent":0,"menu_order":0,"comment_status":"closed","ping_status":"closed","template":"","meta":{"footnotes":""},"class_list":["post-1642","page","type-page","status-publish","hentry"],"_links":{"self":[{"href":"https:\/\/coaching-therapie-muenchen.de\/sv\/wp-json\/wp\/v2\/pages\/1642","targetHints":{"allow":["GET"]}}],"collection":[{"href":"https:\/\/coaching-therapie-muenchen.de\/sv\/wp-json\/wp\/v2\/pages"}],"about":[{"href":"https:\/\/coaching-therapie-muenchen.de\/sv\/wp-json\/wp\/v2\/types\/page"}],"author":[{"embeddable":true,"href":"https:\/\/coaching-therapie-muenchen.de\/sv\/wp-json\/wp\/v2\/users\/1"}],"replies":[{"embeddable":true,"href":"https:\/\/coaching-therapie-muenchen.de\/sv\/wp-json\/wp\/v2\/comments?post=1642"}],"version-history":[{"count":10,"href":"https:\/\/coaching-therapie-muenchen.de\/sv\/wp-json\/wp\/v2\/pages\/1642\/revisions"}],"predecessor-version":[{"id":1936,"href":"https:\/\/coaching-therapie-muenchen.de\/sv\/wp-json\/wp\/v2\/pages\/1642\/revisions\/1936"}],"wp:attachment":[{"href":"https:\/\/coaching-therapie-muenchen.de\/sv\/wp-json\/wp\/v2\/media?parent=1642"}],"curies":[{"name":"wp","href":"https:\/\/api.w.org\/{rel}","templated":true}]}}