{"id":1640,"date":"2026-01-19T09:39:48","date_gmt":"2026-01-19T08:39:48","guid":{"rendered":"https:\/\/coaching-therapie-muenchen.de\/impressum\/"},"modified":"2026-02-16T18:18:43","modified_gmt":"2026-02-16T17:18:43","slug":"impressum","status":"publish","type":"page","link":"https:\/\/coaching-therapie-muenchen.de\/sv\/impressum\/","title":{"rendered":"Impressum"},"content":{"rendered":"\t\t<div data-elementor-type=\"wp-page\" data-elementor-id=\"1640\" class=\"elementor elementor-1640 elementor-922\" data-elementor-post-type=\"page\">\n\t\t\t\t<div class=\"elementor-element elementor-element-7c96bc2 e-flex e-con-boxed e-con e-parent\" data-id=\"7c96bc2\" data-element_type=\"container\" data-e-type=\"container\">\n\t\t\t\t\t<div class=\"e-con-inner\">\n\t\t\t\t<div class=\"elementor-element elementor-element-dabede9 elementor-widget elementor-widget-heading\" data-id=\"dabede9\" data-element_type=\"widget\" data-e-type=\"widget\" data-widget_type=\"heading.default\">\n\t\t\t\t\t<h2 class=\"elementor-heading-title elementor-size-default\">Impressum<\/h2>\t\t\t\t<\/div>\n\t\t\t\t\t<\/div>\n\t\t\t\t<\/div>\n\t\t<div class=\"elementor-element elementor-element-ab13e8e e-flex e-con-boxed e-con e-parent\" data-id=\"ab13e8e\" data-element_type=\"container\" data-e-type=\"container\">\n\t\t\t\t\t<div class=\"e-con-inner\">\n\t\t\t\t<div class=\"elementor-element elementor-element-63384d6 elementor-widget elementor-widget-text-editor\" data-id=\"63384d6\" data-element_type=\"widget\" data-e-type=\"widget\" data-widget_type=\"text-editor.default\">\n\t\t\t\t\t\t\t\t\t<p data-path-to-node=\"4\"><b data-path-to-node=\"4\" data-index-in-node=\"0\">Uppgifter enligt \u00a7 5 DDG<\/b><\/p><p data-path-to-node=\"5\">Elisabeth (Lisa) Svensson Morawitzkystr. 4 80803 M\u00fcnchen <\/p><p data-path-to-node=\"6\"><b data-path-to-node=\"6\" data-index-in-node=\"0\">Kontakt<\/b> Telefon: +49 163 5178577<\/p><p><a href=\"mailto:svensson@coaching-therapie-muenchen.de\">svensson@coaching-therapie-muenchen.de<\/a><\/p><p data-path-to-node=\"7\"><b data-path-to-node=\"7\" data-index-in-node=\"0\">Yrkesbeteckning och arbetsr\u00e4ttsliga best\u00e4mmelser<\/b><\/p><p data-path-to-node=\"8\"><b data-path-to-node=\"8\" data-index-in-node=\"0\">Yrkesbeteckning:<\/b> Heilpraktikerin med begr\u00e4nsning till omr\u00e5det psykoterapi (f\u00f6rl\u00e4nad i F\u00f6rbundsrepubliken Tyskland).<\/p><p data-path-to-node=\"9\"><b data-path-to-node=\"9\" data-index-in-node=\"0\">Beviljande av tillst\u00e5nd att ut\u00f6va l\u00e4karkonst utan legitimation:<\/b> Tillst\u00e5ndet enligt Heilpraktikergesetz beviljades 11-2010 av Referat f\u00fcr Gesundheit und Umwelt der Landeshauptstadt M\u00fcnchen.<\/p><p data-path-to-node=\"10\"><b data-path-to-node=\"10\" data-index-in-node=\"0\">Beh\u00f6rig tillsynsmyndighet:<\/b> Referat f\u00fcr Gesundheit und Umwelt der Landeshauptstadt M\u00fcnchen Bayerstra\u00dfe 28a 80335 M\u00fcnchen <a class=\"ng-star-inserted\" href=\"https:\/\/www.muenchen.de\/rathaus\/Stadtverwaltung\/Referat-fuer-Gesundheit-und-Umwelt.html\" target=\"_blank\" rel=\"noopener\" data-hveid=\"0\" data-ved=\"0CAAQ_4QMahgKEwiit4nRrJKSAxUAAAAAHQAAAAAQugY\">https:\/\/www.muenchen.de\/rathaus\/Stadtverwaltung\/Referat-fuer-Gesundheit-und-Umwelt.html<\/a><\/p><p data-path-to-node=\"11\"><b data-path-to-node=\"11\" data-index-in-node=\"0\">Arbetsr\u00e4ttsliga best\u00e4mmelser:<\/b><\/p><ul data-path-to-node=\"12\"><li><p data-path-to-node=\"12,0,0\">Ge<span class=\"citation-107 citation-end-107\">setz \u00fcber die berufsm\u00e4\u00dfige Aus\u00fcbung der Heilkunde ohne Bestallung (Heilpraktikergesetz, BGBI. III 2122-2)<\/span><\/p><\/li><li><p data-path-to-node=\"12,1,0\"><span class=\"citation-106 citation-end-106\">Erste Durchf\u00fchrungsverordnung zum Gesetz \u00fcber die berufsm\u00e4\u00dfige Aus\u00fcbung der Heilkunde ohne Bestallung (BGBI<\/span>. III 2122-2-1) <\/p><\/li><li><p data-path-to-node=\"12,2,0\">Berufsordnung f\u00fcr Heilpraktiker (BOH) Best\u00e4mmelserna kan granskas under <a class=\"ng-star-inserted\" href=\"https:\/\/www.gesetze-im-internet.de\/\" target=\"_blank\" rel=\"noopener\" data-hveid=\"0\" data-ved=\"0CAAQ_4QMahgKEwiit4nRrJKSAxUAAAAAHQAAAAAQuwY\">www.gesetze-im-internet.de<\/a> under respektive s\u00f6kord.<\/p><\/li><\/ul><p data-path-to-node=\"13\"><b data-path-to-node=\"13\" data-index-in-node=\"0\">Uppgifter om ansvarsf\u00f6rs\u00e4kring<\/b> <b data-path-to-node=\"13\" data-index-in-node=\"42\">Namn och s\u00e4te f\u00f6r f\u00f6rs\u00e4kringsbolaget:<\/b> Continentale Sachversicherung AG Ruhrallee 92 44139 Dortmund <b data-path-to-node=\"13\" data-index-in-node=\"135\">F\u00f6rs\u00e4kringens giltighetsomr\u00e5de:<\/b> Tyskland<\/p><p data-path-to-node=\"14\"><b data-path-to-node=\"14\" data-index-in-node=\"0\">Redaktionellt ansvarig<\/b> Elisabeth Svensson Morawitzkystr. 4 80803 M\u00fcnchen <\/p><p data-path-to-node=\"15\"><b data-path-to-node=\"15\" data-index-in-node=\"0\">EU-tvistl\u00f6sning<\/b> Europeiska kommissionen tillhandah\u00e5ller en plattform f\u00f6r tvistl\u00f6sning online (OS): <a class=\"ng-star-inserted\" href=\"https:\/\/ec.europa.eu\/consumers\/odr\/\" target=\"_blank\" rel=\"noopener\" data-hveid=\"0\" data-ved=\"0CAAQ_4QMahgKEwiit4nRrJKSAxUAAAAAHQAAAAAQvAY\">https:\/\/ec.europa.eu\/consumers\/odr\/<\/a>. Min e-postadress hittar du ovan. <\/p><p data-path-to-node=\"16\"><b data-path-to-node=\"16\" data-index-in-node=\"0\">Konsumenttvistl\u00f6sning\/Universalschlichtungsstelle<\/b> Jag \u00e4r inte beredd eller skyldig att delta i tvistl\u00f6sningsf\u00f6rfaranden inf\u00f6r en konsumentskiljen\u00e4mnd.<\/p><hr data-path-to-node=\"17\">\t\t\t\t\t\t\t\t<\/div>\n\t\t\t\t\t<\/div>\n\t\t\t\t<\/div>\n\t\t\t\t<\/div>\n\t\t","protected":false},"excerpt":{"rendered":"<p>Impressum Uppgifter enligt \u00a7 5 DDG Elisabeth (Lisa) Svensson Morawitzkystr. 4 80803 M\u00fcnchen Kontakt Telefon: +49 163 5178577 svensson@coaching-therapie-muenchen.de Yrkesbeteckning och arbetsr\u00e4ttsliga best\u00e4mmelser Yrkesbeteckning: Heilpraktikerin med begr\u00e4nsning till omr\u00e5det psykoterapi (f\u00f6rl\u00e4nad i F\u00f6rbundsrepubliken Tyskland). Beviljande av tillst\u00e5nd att ut\u00f6va l\u00e4karkonst utan legitimation: Tillst\u00e5ndet enligt Heilpraktikergesetz beviljades 11-2010 av Referat f\u00fcr Gesundheit und Umwelt der Landeshauptstadt [&hellip;]<\/p>\n","protected":false},"author":1,"featured_media":0,"parent":0,"menu_order":0,"comment_status":"closed","ping_status":"closed","template":"","meta":{"footnotes":""},"class_list":["post-1640","page","type-page","status-publish","hentry"],"_links":{"self":[{"href":"https:\/\/coaching-therapie-muenchen.de\/sv\/wp-json\/wp\/v2\/pages\/1640","targetHints":{"allow":["GET"]}}],"collection":[{"href":"https:\/\/coaching-therapie-muenchen.de\/sv\/wp-json\/wp\/v2\/pages"}],"about":[{"href":"https:\/\/coaching-therapie-muenchen.de\/sv\/wp-json\/wp\/v2\/types\/page"}],"author":[{"embeddable":true,"href":"https:\/\/coaching-therapie-muenchen.de\/sv\/wp-json\/wp\/v2\/users\/1"}],"replies":[{"embeddable":true,"href":"https:\/\/coaching-therapie-muenchen.de\/sv\/wp-json\/wp\/v2\/comments?post=1640"}],"version-history":[{"count":1,"href":"https:\/\/coaching-therapie-muenchen.de\/sv\/wp-json\/wp\/v2\/pages\/1640\/revisions"}],"predecessor-version":[{"id":1641,"href":"https:\/\/coaching-therapie-muenchen.de\/sv\/wp-json\/wp\/v2\/pages\/1640\/revisions\/1641"}],"wp:attachment":[{"href":"https:\/\/coaching-therapie-muenchen.de\/sv\/wp-json\/wp\/v2\/media?parent=1640"}],"curies":[{"name":"wp","href":"https:\/\/api.w.org\/{rel}","templated":true}]}}