{"id":1637,"date":"2025-12-30T08:52:50","date_gmt":"2025-12-30T07:52:50","guid":{"rendered":"https:\/\/coaching-therapie-muenchen.de\/psykoterapi\/"},"modified":"2026-02-16T18:18:47","modified_gmt":"2026-02-16T17:18:47","slug":"terapi-i-muenchen","status":"publish","type":"page","link":"https:\/\/coaching-therapie-muenchen.de\/sv\/terapi-i-muenchen\/","title":{"rendered":"Psykoterapi"},"content":{"rendered":"\t\t<div data-elementor-type=\"wp-page\" data-elementor-id=\"1637\" class=\"elementor elementor-1637 elementor-339\" data-elementor-post-type=\"page\">\n\t\t\t\t<div class=\"elementor-element elementor-element-9479e4b e-flex e-con-boxed e-con e-parent\" data-id=\"9479e4b\" data-element_type=\"container\" data-e-type=\"container\" data-settings=\"{&quot;background_background&quot;:&quot;classic&quot;}\">\n\t\t\t\t\t<div class=\"e-con-inner\">\n\t\t<div class=\"elementor-element elementor-element-87f8f14 e-con-full e-flex e-con e-child\" data-id=\"87f8f14\" data-element_type=\"container\" data-e-type=\"container\" data-settings=\"{&quot;background_background&quot;:&quot;classic&quot;}\">\n\t\t\t\t<div class=\"elementor-element elementor-element-8815875 elementor-widget elementor-widget-heading\" data-id=\"8815875\" data-element_type=\"widget\" data-e-type=\"widget\" data-widget_type=\"heading.default\">\n\t\t\t\t\t<h1 class=\"elementor-heading-title elementor-size-default\">Lisa Svensson<\/h1>\t\t\t\t<\/div>\n\t\t\t\t<div class=\"elementor-element elementor-element-698efbc elementor-widget__width-initial elementor-widget elementor-widget-heading\" data-id=\"698efbc\" data-element_type=\"widget\" data-e-type=\"widget\" data-widget_type=\"heading.default\">\n\t\t\t\t\t<h4 class=\"elementor-heading-title elementor-size-default\">Skandinavisk klarhet f\u00f6r nya perspektiv<\/h4>\t\t\t\t<\/div>\n\t\t\t\t<\/div>\n\t\t<div class=\"elementor-element elementor-element-91cf206 e-con-full e-flex e-con e-child\" data-id=\"91cf206\" data-element_type=\"container\" data-e-type=\"container\">\n\t\t\t\t<div class=\"elementor-element elementor-element-400d435 elementor-widget elementor-widget-heading\" data-id=\"400d435\" data-element_type=\"widget\" data-e-type=\"widget\" data-widget_type=\"heading.default\">\n\t\t\t\t\t<h1 class=\"elementor-heading-title elementor-size-default\">Psykoterapi f\u00f6r privatf\u00f6rs\u00e4krade &amp; sj\u00e4lvbetalare<\/h1>\t\t\t\t<\/div>\n\t\t\t\t<div class=\"elementor-element elementor-element-f955e9d elementor-widget elementor-widget-heading\" data-id=\"f955e9d\" data-element_type=\"widget\" data-e-type=\"widget\" data-widget_type=\"heading.default\">\n\t\t\t\t\t<h2 class=\"elementor-heading-title elementor-size-default\">M\u00fcnchen Schwabing<\/h2>\t\t\t\t<\/div>\n\t\t\t\t<\/div>\n\t\t\t\t\t<\/div>\n\t\t\t\t<\/div>\n\t\t<div class=\"elementor-element elementor-element-8b82e4d e-flex e-con-boxed e-con e-parent\" data-id=\"8b82e4d\" data-element_type=\"container\" data-e-type=\"container\" data-settings=\"{&quot;background_background&quot;:&quot;classic&quot;}\">\n\t\t\t\t\t<div class=\"e-con-inner\">\n\t\t\t\t<div class=\"elementor-element elementor-element-eb48008 elementor-widget elementor-widget-text-editor\" data-id=\"eb48008\" data-element_type=\"widget\" data-e-type=\"widget\" data-widget_type=\"text-editor.default\">\n\t\t\t\t\t\t\t\t\t<p>Det finns m\u00e5nga anledningar att p\u00e5b\u00f6rja psykoterapi.<br>Kanske befinner du dig i en kris, k\u00e4nner dig utmattad eller fastl\u00e5st inombords. Kanske vill du f\u00f6rst\u00e5 dig sj\u00e4lv b\u00e4ttre, f\u00f6r\u00e4ndra gamla m\u00f6nster eller \u00e5terf\u00e5 mer livlighet och klarhet i ditt liv. <\/p><p>Psykoterapi kan hj\u00e4lpa dig att <strong>\u00e5terf\u00e5 kontakt med dig sj\u00e4lv<\/strong> \u2013 med det som ber\u00f6r dig, det som hindrar dig och det som b\u00e4r dig.<\/p>\t\t\t\t\t\t\t\t<\/div>\n\t\t\t\t\t<\/div>\n\t\t\t\t<\/div>\n\t\t<div class=\"elementor-element elementor-element-e3d48c9 e-flex e-con-boxed e-con e-parent\" data-id=\"e3d48c9\" data-element_type=\"container\" data-e-type=\"container\" data-settings=\"{&quot;background_background&quot;:&quot;classic&quot;}\">\n\t\t\t\t\t<div class=\"e-con-inner\">\n\t\t\t\t<div class=\"elementor-element elementor-element-e7d42d1 elementor-widget elementor-widget-heading\" data-id=\"e7d42d1\" data-element_type=\"widget\" data-e-type=\"widget\" data-widget_type=\"heading.default\">\n\t\t\t\t\t<h2 class=\"elementor-heading-title elementor-size-default\">Ett intryck av mig -p\u00e5 tyska<\/h2>\t\t\t\t<\/div>\n\t\t\t\t\t<\/div>\n\t\t\t\t<\/div>\n\t\t<div class=\"elementor-element elementor-element-8e39e04 e-flex e-con-boxed e-con e-parent\" data-id=\"8e39e04\" data-element_type=\"container\" data-e-type=\"container\" data-settings=\"{&quot;background_background&quot;:&quot;classic&quot;}\">\n\t\t\t\t\t<div class=\"e-con-inner\">\n\t\t<div class=\"elementor-element elementor-element-88918fa e-con-full e-flex e-con e-child\" data-id=\"88918fa\" data-element_type=\"container\" data-e-type=\"container\">\n\t\t\t\t<div class=\"elementor-element elementor-element-fc43291 elementor-widget__width-auto elementor-widget elementor-widget-video\" data-id=\"fc43291\" data-element_type=\"widget\" data-e-type=\"widget\" data-settings=\"{&quot;youtube_url&quot;:&quot;https:\\\/\\\/youtube.com\\\/shorts\\\/z-L9Ie4n2jY?si=iIrnVtBtaWrcsXeQ&quot;,&quot;video_type&quot;:&quot;youtube&quot;,&quot;controls&quot;:&quot;yes&quot;}\" data-widget_type=\"video.default\">\n\t\t\t\t\t\t\t<div class=\"elementor-wrapper elementor-open-inline\">\n\t\t\t<div class=\"elementor-video\"><\/div>\t\t<\/div>\n\t\t\t\t\t\t<\/div>\n\t\t\t\t<\/div>\n\t\t<div class=\"elementor-element elementor-element-5047333 e-con-full e-flex e-con e-child\" data-id=\"5047333\" data-element_type=\"container\" data-e-type=\"container\">\n\t\t\t\t<div class=\"elementor-element elementor-element-757a609 elementor-widget__width-auto elementor-widget elementor-widget-video\" data-id=\"757a609\" data-element_type=\"widget\" data-e-type=\"widget\" data-settings=\"{&quot;youtube_url&quot;:&quot;https:\\\/\\\/youtube.com\\\/shorts\\\/P0fgWJ3GQWk?si=bSfqHOUFdyBOQzha&quot;,&quot;video_type&quot;:&quot;youtube&quot;,&quot;controls&quot;:&quot;yes&quot;}\" data-widget_type=\"video.default\">\n\t\t\t\t\t\t\t<div class=\"elementor-wrapper elementor-open-inline\">\n\t\t\t<div class=\"elementor-video\"><\/div>\t\t<\/div>\n\t\t\t\t\t\t<\/div>\n\t\t\t\t<\/div>\n\t\t<div class=\"elementor-element elementor-element-f57fc4d e-con-full e-flex e-con e-child\" data-id=\"f57fc4d\" data-element_type=\"container\" data-e-type=\"container\">\n\t\t\t\t<div class=\"elementor-element elementor-element-4186394 elementor-widget elementor-widget-video\" data-id=\"4186394\" data-element_type=\"widget\" data-e-type=\"widget\" data-settings=\"{&quot;youtube_url&quot;:&quot;https:\\\/\\\/youtube.com\\\/shorts\\\/51DFAbsYEU0?si=_guUcbBP1VbTT9E2&quot;,&quot;video_type&quot;:&quot;youtube&quot;,&quot;controls&quot;:&quot;yes&quot;}\" data-widget_type=\"video.default\">\n\t\t\t\t\t\t\t<div class=\"elementor-wrapper elementor-open-inline\">\n\t\t\t<div class=\"elementor-video\"><\/div>\t\t<\/div>\n\t\t\t\t\t\t<\/div>\n\t\t\t\t<\/div>\n\t\t\t\t\t<\/div>\n\t\t\t\t<\/div>\n\t\t<div class=\"elementor-element elementor-element-8e6d017 e-flex e-con-boxed e-con e-parent\" data-id=\"8e6d017\" data-element_type=\"container\" data-e-type=\"container\" data-settings=\"{&quot;background_background&quot;:&quot;classic&quot;}\">\n\t\t\t\t\t<div class=\"e-con-inner\">\n\t\t\t\t<div class=\"elementor-element elementor-element-0e28d12 elementor-widget elementor-widget-heading\" data-id=\"0e28d12\" data-element_type=\"widget\" data-e-type=\"widget\" data-widget_type=\"heading.default\">\n\t\t\t\t\t<h2 class=\"elementor-heading-title elementor-size-default\">Hur jag arbetar<\/h2>\t\t\t\t<\/div>\n\t\t\t\t\t<\/div>\n\t\t\t\t<\/div>\n\t\t<div class=\"elementor-element elementor-element-bbf9d4d e-flex e-con-boxed e-con e-parent\" data-id=\"bbf9d4d\" data-element_type=\"container\" data-e-type=\"container\" data-settings=\"{&quot;background_background&quot;:&quot;classic&quot;}\">\n\t\t\t\t\t<div class=\"e-con-inner\">\n\t\t\t\t<div class=\"elementor-element elementor-element-b55b997 elementor-widget elementor-widget-text-editor\" data-id=\"b55b997\" data-element_type=\"widget\" data-e-type=\"widget\" data-widget_type=\"text-editor.default\">\n\t\t\t\t\t\t\t\t\t<p>Du kommer med ett \u00e4rende. N\u00e5got belastar dig, tar din energi eller hindrar dig fr\u00e5n att finna ro. Vi pratar om det \u2013 och jag lyssnar mycket uppm\u00e4rksamt. Genom riktade, uppm\u00e4rksamma fr\u00e5gor skapas steg f\u00f6r steg<strong> klarhet om ditt tema och om vad du verkligen beh\u00f6ver.<\/strong><\/p><p>V\u00e5rt arbete \u00e4r <b>samtalsbaserat, n\u00e4rvarande och inriktat p\u00e5 h\u00e4r och nu<\/b>.<br \/>Du best\u00e4mmer alltid vad du vill arbeta med och p\u00e5 vilket djup. Dina gr\u00e4nser, v\u00e4rderingar och din takt har h\u00f6gsta prioritet.<\/p><p>Ofta visar sig mer orientering redan under de f\u00f6rsta sittningarna:<\/p><ul><li>Vad \u00e4r v\u00e4sentligt f\u00f6r tillf\u00e4llet?<\/li><li>Vilka behov eller l\u00e4ngtan ligger bakom?<\/li><li>Vad hindrar dig fr\u00e5n att f\u00f6lja dem?<\/li><\/ul><p>D\u00e4rifr\u00e5n utvecklar vi tillsammans konkreta n\u00e4sta steg.<\/p>\t\t\t\t\t\t\t\t<\/div>\n\t\t\t\t\t<\/div>\n\t\t\t\t<\/div>\n\t\t<div class=\"elementor-element elementor-element-15e6e5b e-flex e-con-boxed e-con e-parent\" data-id=\"15e6e5b\" data-element_type=\"container\" data-e-type=\"container\" data-settings=\"{&quot;background_background&quot;:&quot;classic&quot;}\">\n\t\t\t\t\t<div class=\"e-con-inner\">\n\t\t\t\t<div class=\"elementor-element elementor-element-8403a36 elementor-widget elementor-widget-heading\" data-id=\"8403a36\" data-element_type=\"widget\" data-e-type=\"widget\" data-widget_type=\"heading.default\">\n\t\t\t\t\t<h2 class=\"elementor-heading-title elementor-size-default\">Mer \u00e4n bara prata<\/h2>\t\t\t\t<\/div>\n\t\t\t\t\t<\/div>\n\t\t\t\t<\/div>\n\t\t<div class=\"elementor-element elementor-element-82a6e85 e-flex e-con-boxed e-con e-parent\" data-id=\"82a6e85\" data-element_type=\"container\" data-e-type=\"container\" data-settings=\"{&quot;background_background&quot;:&quot;classic&quot;}\">\n\t\t\t\t\t<div class=\"e-con-inner\">\n\t\t\t\t<div class=\"elementor-element elementor-element-7adb385 elementor-widget elementor-widget-text-editor\" data-id=\"7adb385\" data-element_type=\"widget\" data-e-type=\"widget\" data-widget_type=\"text-editor.default\">\n\t\t\t\t\t\t\t\t\t<p>\u00c4ven om samtalet st\u00e5r i centrum g\u00e5r vi inte in i l\u00e5nga analyser.<br \/>Vi arbetar koncentrerat och tydligt \u2013 s\u00e5 att n\u00e5got verkligen h\u00e4nder.<\/p><p>Hos mig stannar det inte vid ord. V\u00e5ra samtal \u00e4r inriktade p\u00e5 att <strong>f\u00f6rst\u00e5 inre processer, l\u00f6sa fastl\u00e5sta m\u00f6nster och m\u00f6jligg\u00f6ra nya erfarenheter<\/strong> som m\u00e4rks i din vardag.<\/p>\t\t\t\t\t\t\t\t<\/div>\n\t\t\t\t\t<\/div>\n\t\t\t\t<\/div>\n\t\t<div class=\"elementor-element elementor-element-434e1e9 e-flex e-con-boxed e-con e-parent\" data-id=\"434e1e9\" data-element_type=\"container\" data-e-type=\"container\" data-settings=\"{&quot;background_background&quot;:&quot;classic&quot;}\">\n\t\t\t\t\t<div class=\"e-con-inner\">\n\t\t\t\t<div class=\"elementor-element elementor-element-b1d1ef6 elementor-widget elementor-widget-heading\" data-id=\"b1d1ef6\" data-element_type=\"widget\" data-e-type=\"widget\" data-widget_type=\"heading.default\">\n\t\t\t\t\t<h2 class=\"elementor-heading-title elementor-size-default\">Terapi i h\u00e4r &amp; nu<\/h2>\t\t\t\t<\/div>\n\t\t\t\t\t<\/div>\n\t\t\t\t<\/div>\n\t\t<div class=\"elementor-element elementor-element-a1d99b4 e-flex e-con-boxed e-con e-parent\" data-id=\"a1d99b4\" data-element_type=\"container\" data-e-type=\"container\" data-settings=\"{&quot;background_background&quot;:&quot;classic&quot;}\">\n\t\t\t\t\t<div class=\"e-con-inner\">\n\t\t\t\t<div class=\"elementor-element elementor-element-ac53df3 elementor-widget elementor-widget-text-editor\" data-id=\"ac53df3\" data-element_type=\"widget\" data-e-type=\"widget\" data-widget_type=\"text-editor.default\">\n\t\t\t\t\t\t\t\t\t<p>Mitt terapeutiska arbetss\u00e4tt \u00e4r starkt nu-orienterat. Det betyder: <br \/><strong>Vi b\u00f6rjar direkt med det som bekymrar dig idag<\/strong> \u2013 utan att beh\u00f6va g\u00e5 igenom hela din livshistoria.<\/p><p>Denna form av arbete \u00e4r s\u00e4rskilt effektiv vid:<\/p><ul><li>Utmattning och burnout<\/li><li>depressiva faser<\/li><li>inre konflikter och beslutssituationer<\/li><li>Livskriser och nyorientering<\/li><li>Relationsproblem<\/li><li>\u00c5ngest<\/li><\/ul>\t\t\t\t\t\t\t\t<\/div>\n\t\t\t\t\t<\/div>\n\t\t\t\t<\/div>\n\t\t<div class=\"elementor-element elementor-element-7077b78 e-flex e-con-boxed e-con e-parent\" data-id=\"7077b78\" data-element_type=\"container\" data-e-type=\"container\" data-settings=\"{&quot;background_background&quot;:&quot;classic&quot;}\">\n\t\t\t\t\t<div class=\"e-con-inner\">\n\t\t\t\t<div class=\"elementor-element elementor-element-d93c6b5 elementor-widget elementor-widget-heading\" data-id=\"d93c6b5\" data-element_type=\"widget\" data-e-type=\"widget\" data-widget_type=\"heading.default\">\n\t\t\t\t\t<h2 class=\"elementor-heading-title elementor-size-default\">Min terapeutiska grund<\/h2>\t\t\t\t<\/div>\n\t\t\t\t\t<\/div>\n\t\t\t\t<\/div>\n\t\t<div class=\"elementor-element elementor-element-9daf636 e-flex e-con-boxed e-con e-parent\" data-id=\"9daf636\" data-element_type=\"container\" data-e-type=\"container\" data-settings=\"{&quot;background_background&quot;:&quot;classic&quot;}\">\n\t\t\t\t\t<div class=\"e-con-inner\">\n\t\t\t\t<div class=\"elementor-element elementor-element-dc5bea7 elementor-widget elementor-widget-text-editor\" data-id=\"dc5bea7\" data-element_type=\"widget\" data-e-type=\"widget\" data-widget_type=\"text-editor.default\">\n\t\t\t\t\t\t\t\t\t<p>Mitt arbete pr\u00e4glas av <strong>\u00e5ratal av terapeutisk erfarenhet<\/strong>, som jag numera ocks\u00e5 vidarebefordrar till kollegor.<\/p><p>Jag arbetar huvudsakligen med en samtalsbaserad, erfarenhetsorienterad terapiform som i fackkretsar \u00e4r k\u00e4nd som gestaltterapi. Denna har inget med konst eller m\u00e5leri att g\u00f6ra. Avg\u00f6rande i denna metod \u00e4r: n\u00e4rvaro, medvetenhet, h\u00e4r- och nu, egenansvar och en respektfull kontakt p\u00e5 lika villkor.<\/p><p>Kompletterande anv\u00e4nder jag \u2013 beroende p\u00e5 situation \u2013 element fr\u00e5n andra terapeutiska metoder, bland annat fr\u00e5n mindfulness, sj\u00e4lvmedk\u00e4nsla, systemisk terapi, kommunikation och beteendeterapi. <strong>Metoderna tj\u00e4nar alltid dig och processen<\/strong> \u2013 inte tv\u00e4rtom.<\/p>\t\t\t\t\t\t\t\t<\/div>\n\t\t\t\t\t<\/div>\n\t\t\t\t<\/div>\n\t\t<div class=\"elementor-element elementor-element-2ee74d5 e-flex e-con-boxed e-con e-parent\" data-id=\"2ee74d5\" data-element_type=\"container\" data-e-type=\"container\" data-settings=\"{&quot;background_background&quot;:&quot;classic&quot;}\">\n\t\t\t\t\t<div class=\"e-con-inner\">\n\t\t\t\t<div class=\"elementor-element elementor-element-b8aa32c elementor-widget elementor-widget-heading\" data-id=\"b8aa32c\" data-element_type=\"widget\" data-e-type=\"widget\" data-widget_type=\"heading.default\">\n\t\t\t\t\t<h2 class=\"elementor-heading-title elementor-size-default\">Vad min psykoterapi kan erbjuda dig<\/h2>\t\t\t\t<\/div>\n\t\t\t\t\t<\/div>\n\t\t\t\t<\/div>\n\t\t<div class=\"elementor-element elementor-element-e492771 e-flex e-con-boxed e-con e-parent\" data-id=\"e492771\" data-element_type=\"container\" data-e-type=\"container\" data-settings=\"{&quot;background_background&quot;:&quot;classic&quot;}\">\n\t\t\t\t\t<div class=\"e-con-inner\">\n\t\t\t\t<div class=\"elementor-element elementor-element-c754aa0 elementor-widget elementor-widget-text-editor\" data-id=\"c754aa0\" data-element_type=\"widget\" data-e-type=\"widget\" data-widget_type=\"text-editor.default\">\n\t\t\t\t\t\t\t\t\t<ul><li>ett skyddat utrymme f\u00f6r \u00e4rligt sj\u00e4lvutforskande<\/li><li>Klarhet i sv\u00e5ra inre eller yttre situationer<\/li><li>St\u00f6d vid f\u00f6r\u00e4ndring och utveckling<\/li><li>ett pragmatiskt, m\u00e4nskligt och samtidigt djuptg\u00e5ende st\u00f6d<\/li><\/ul>\t\t\t\t\t\t\t\t<\/div>\n\t\t\t\t\t<\/div>\n\t\t\t\t<\/div>\n\t\t<div class=\"elementor-element elementor-element-e51ecf8 e-flex e-con-boxed e-con e-parent\" data-id=\"e51ecf8\" data-element_type=\"container\" data-e-type=\"container\" data-settings=\"{&quot;background_background&quot;:&quot;classic&quot;}\">\n\t\t\t\t\t<div class=\"e-con-inner\">\n\t\t<div class=\"elementor-element elementor-element-3d0c2e3 e-con-full e-flex e-con e-child\" data-id=\"3d0c2e3\" data-element_type=\"container\" data-e-type=\"container\" data-settings=\"{&quot;background_background&quot;:&quot;classic&quot;}\">\n\t\t\t\t<div class=\"elementor-element elementor-element-4e08d43 elementor-blockquote--skin-quotation elementor-blockquote--align-center elementor-widget elementor-widget-blockquote\" data-id=\"4e08d43\" data-element_type=\"widget\" data-e-type=\"widget\" data-widget_type=\"blockquote.default\">\n\t\t\t\t\t\t\t<blockquote class=\"elementor-blockquote\">\n\t\t\t<p class=\"elementor-blockquote__content\">\n\t\t\t\tJag m\u00e4rkte de f\u00f6rsta positiva resultaten fr\u00e5n denna terapi efter n\u00e5gra veckor, och sedan dess har mitt liv f\u00f6r\u00e4ndrats.\t\t\t<\/p>\n\t\t\t\t\t<\/blockquote>\n\t\t\t\t\t\t<\/div>\n\t\t\t\t<div class=\"elementor-element elementor-element-45047a6 elementor-widget elementor-widget-text-editor\" data-id=\"45047a6\" data-element_type=\"widget\" data-e-type=\"widget\" data-widget_type=\"text-editor.default\">\n\t\t\t\t\t\t\t\t\t<p><a href=\"https:\/\/coaching-therapie-muenchen.de\/sv\/feedback-fran-klienter\/\">L\u00e4s fler recensioner -&gt;<\/a><\/p>\t\t\t\t\t\t\t\t<\/div>\n\t\t\t\t<\/div>\n\t\t\t\t\t<\/div>\n\t\t\t\t<\/div>\n\t\t<div class=\"elementor-element elementor-element-09727b8 e-flex e-con-boxed e-con e-parent\" data-id=\"09727b8\" data-element_type=\"container\" data-e-type=\"container\" data-settings=\"{&quot;background_background&quot;:&quot;classic&quot;}\">\n\t\t\t\t\t<div class=\"e-con-inner\">\n\t\t<div class=\"elementor-element elementor-element-96553db e-con-full e-flex e-con e-child\" data-id=\"96553db\" data-element_type=\"container\" data-e-type=\"container\">\n\t\t<div class=\"elementor-element elementor-element-753a0bd e-con-full e-flex e-con e-child\" data-id=\"753a0bd\" data-element_type=\"container\" data-e-type=\"container\">\n\t\t\t\t<div class=\"elementor-element elementor-element-f66957d elementor-align-right elementor-mobile-align-center elementor-widget elementor-widget-button\" data-id=\"f66957d\" data-element_type=\"widget\" data-e-type=\"widget\" data-widget_type=\"button.default\">\n\t\t\t\t\t\t\t\t\t\t<a class=\"elementor-button elementor-button-link elementor-size-sm\" href=\"https:\/\/calendly.com\/svensson-gixk\/umsonst-kennenlernen-free-get-to-know\" target=\"_blank\" rel=\"noopener\">\n\t\t\t\t\t\t<span class=\"elementor-button-content-wrapper\">\n\t\t\t\t\t\t\t\t\t<span class=\"elementor-button-text\">Kostnadsfritt l\u00e4ra-k\u00e4nna-samtal<\/span>\n\t\t\t\t\t<\/span>\n\t\t\t\t\t<\/a>\n\t\t\t\t\t\t\t\t<\/div>\n\t\t\t\t<\/div>\n\t\t<div class=\"elementor-element elementor-element-85c9429 e-con-full e-flex e-con e-child\" data-id=\"85c9429\" data-element_type=\"container\" data-e-type=\"container\">\n\t\t\t\t<div class=\"elementor-element elementor-element-7ed129e elementor-align-left elementor-mobile-align-center elementor-widget elementor-widget-button\" data-id=\"7ed129e\" data-element_type=\"widget\" data-e-type=\"widget\" data-widget_type=\"button.default\">\n\t\t\t\t\t\t\t\t\t\t<a class=\"elementor-button elementor-button-link elementor-size-sm\" href=\"https:\/\/coaching-therapie-muenchen.de\/sv\/kontakt-priser-bokning-coach-terapeut-muenchen\/\">\n\t\t\t\t\t\t<span class=\"elementor-button-content-wrapper\">\n\t\t\t\t\t\t\t\t\t<span class=\"elementor-button-text\">Boka en ordinarie sittning<\/span>\n\t\t\t\t\t<\/span>\n\t\t\t\t\t<\/a>\n\t\t\t\t\t\t\t\t<\/div>\n\t\t\t\t<\/div>\n\t\t\t\t<\/div>\n\t\t\t\t\t<\/div>\n\t\t\t\t<\/div>\n\t\t<div class=\"elementor-element elementor-element-9271219 e-flex e-con-boxed e-con e-parent\" data-id=\"9271219\" data-element_type=\"container\" data-e-type=\"container\">\n\t\t\t\t\t<div class=\"e-con-inner\">\n\t\t\t\t<div class=\"elementor-element elementor-element-303779a elementor-widget elementor-widget-spacer\" data-id=\"303779a\" data-element_type=\"widget\" data-e-type=\"widget\" data-widget_type=\"spacer.default\">\n\t\t\t\t\t\t\t<div class=\"elementor-spacer\">\n\t\t\t<div class=\"elementor-spacer-inner\"><\/div>\n\t\t<\/div>\n\t\t\t\t\t\t<\/div>\n\t\t\t\t\t<\/div>\n\t\t\t\t<\/div>\n\t\t\t\t<\/div>\n\t\t","protected":false},"excerpt":{"rendered":"<p>Lisa Svensson Skandinavisk klarhet f\u00f6r nya perspektiv Psykoterapi f\u00f6r privatf\u00f6rs\u00e4krade &amp; sj\u00e4lvbetalare M\u00fcnchen Schwabing Det finns m\u00e5nga anledningar att p\u00e5b\u00f6rja psykoterapi.Kanske befinner du dig i en kris, k\u00e4nner dig utmattad eller fastl\u00e5st inombords. Kanske vill du f\u00f6rst\u00e5 dig sj\u00e4lv b\u00e4ttre, f\u00f6r\u00e4ndra gamla m\u00f6nster eller \u00e5terf\u00e5 mer livlighet och klarhet i ditt liv. Psykoterapi kan hj\u00e4lpa [&hellip;]<\/p>\n","protected":false},"author":1,"featured_media":0,"parent":0,"menu_order":0,"comment_status":"closed","ping_status":"closed","template":"","meta":{"footnotes":""},"class_list":["post-1637","page","type-page","status-publish","hentry"],"_links":{"self":[{"href":"https:\/\/coaching-therapie-muenchen.de\/sv\/wp-json\/wp\/v2\/pages\/1637","targetHints":{"allow":["GET"]}}],"collection":[{"href":"https:\/\/coaching-therapie-muenchen.de\/sv\/wp-json\/wp\/v2\/pages"}],"about":[{"href":"https:\/\/coaching-therapie-muenchen.de\/sv\/wp-json\/wp\/v2\/types\/page"}],"author":[{"embeddable":true,"href":"https:\/\/coaching-therapie-muenchen.de\/sv\/wp-json\/wp\/v2\/users\/1"}],"replies":[{"embeddable":true,"href":"https:\/\/coaching-therapie-muenchen.de\/sv\/wp-json\/wp\/v2\/comments?post=1637"}],"version-history":[{"count":17,"href":"https:\/\/coaching-therapie-muenchen.de\/sv\/wp-json\/wp\/v2\/pages\/1637\/revisions"}],"predecessor-version":[{"id":2233,"href":"https:\/\/coaching-therapie-muenchen.de\/sv\/wp-json\/wp\/v2\/pages\/1637\/revisions\/2233"}],"wp:attachment":[{"href":"https:\/\/coaching-therapie-muenchen.de\/sv\/wp-json\/wp\/v2\/media?parent=1637"}],"curies":[{"name":"wp","href":"https:\/\/api.w.org\/{rel}","templated":true}]}}