{"id":1635,"date":"2025-12-30T08:55:47","date_gmt":"2025-12-30T07:55:47","guid":{"rendered":"https:\/\/coaching-therapie-muenchen.de\/foer-ungdomar\/"},"modified":"2026-02-16T18:18:43","modified_gmt":"2026-02-16T17:18:43","slug":"terapi-coaching-ungdomar-muenchen","status":"publish","type":"page","link":"https:\/\/coaching-therapie-muenchen.de\/sv\/terapi-coaching-ungdomar-muenchen\/","title":{"rendered":"F\u00f6r ungdomar"},"content":{"rendered":"\t\t<div data-elementor-type=\"wp-page\" data-elementor-id=\"1635\" class=\"elementor elementor-1635 elementor-344\" data-elementor-post-type=\"page\">\n\t\t\t\t<div class=\"elementor-element elementor-element-f17f794 e-flex e-con-boxed e-con e-parent\" data-id=\"f17f794\" data-element_type=\"container\" data-e-type=\"container\" data-settings=\"{&quot;background_background&quot;:&quot;classic&quot;}\">\n\t\t\t\t\t<div class=\"e-con-inner\">\n\t\t\t\t<div class=\"elementor-element elementor-element-93af1bd elementor-widget elementor-widget-heading\" data-id=\"93af1bd\" data-element_type=\"widget\" data-e-type=\"widget\" data-widget_type=\"heading.default\">\n\t\t\t\t\t<h1 class=\"elementor-heading-title elementor-size-default\">Terapi och coaching f\u00f6r ungdomar i M\u00fcnchen<\/h1>\t\t\t\t<\/div>\n\t\t\t\t\t<\/div>\n\t\t\t\t<\/div>\n\t\t<div class=\"elementor-element elementor-element-5824dce e-flex e-con-boxed e-con e-parent\" data-id=\"5824dce\" data-element_type=\"container\" data-e-type=\"container\" data-settings=\"{&quot;background_background&quot;:&quot;classic&quot;}\">\n\t\t\t\t\t<div class=\"e-con-inner\">\n\t\t\t\t<div class=\"elementor-element elementor-element-1596722 elementor-widget__width-initial elementor-widget elementor-widget-text-editor\" data-id=\"1596722\" data-element_type=\"widget\" data-e-type=\"widget\" data-widget_type=\"text-editor.default\">\n\t\t\t\t\t\t\t\t\t<blockquote><p><i>\u201dM\u00e4nsklighetens \u00f6verlevnad beror p\u00e5 hur vi fostrar barnens hj\u00e4rtan.\u201d<\/i><br><i>(Dalai Lama)<\/i><\/p><\/blockquote>\t\t\t\t\t\t\t\t<\/div>\n\t\t\t\t\t<\/div>\n\t\t\t\t<\/div>\n\t\t<div class=\"elementor-element elementor-element-0d09424 e-flex e-con-boxed e-con e-parent\" data-id=\"0d09424\" data-element_type=\"container\" data-e-type=\"container\" data-settings=\"{&quot;background_background&quot;:&quot;classic&quot;}\">\n\t\t\t\t\t<div class=\"e-con-inner\">\n\t\t\t\t<div class=\"elementor-element elementor-element-d755150 elementor-widget elementor-widget-text-editor\" data-id=\"d755150\" data-element_type=\"widget\" data-e-type=\"widget\" data-widget_type=\"text-editor.default\">\n\t\t\t\t\t\t\t\t\t<p>Barn och ungdomar st\u00e5r idag inf\u00f6r m\u00e5nga inre och yttre utmaningar. Ofta \u00e4r det bra att prata om sina bekymmer, fr\u00e5gor och konflikter med en utomst\u00e5ende, neutral person \u2013 n\u00e5gon som lyssnar, tar en p\u00e5 allvar och ger v\u00e4gledning. <\/p><p>Jag har under m\u00e5nga \u00e5r haft en mycket bra kontakt med mina unga klienter. M\u00e5nga upplever det som en stor l\u00e4ttnad att kunna tala \u00f6ppet utan att bli v\u00e4rderad eller bel\u00e4rd. <strong>Med empati, humor och en viss l\u00e4tthet<\/strong> utforskar vi tillsammans det aktuella temat, st\u00e4rker befintliga resurser och utvecklar anv\u00e4ndbara strategier f\u00f6r vardagen. <\/p>\t\t\t\t\t\t\t\t<\/div>\n\t\t\t\t\t<\/div>\n\t\t\t\t<\/div>\n\t\t<div class=\"elementor-element elementor-element-26619c7 e-flex e-con-boxed e-con e-parent\" data-id=\"26619c7\" data-element_type=\"container\" data-e-type=\"container\" data-settings=\"{&quot;background_background&quot;:&quot;classic&quot;}\">\n\t\t\t\t\t<div class=\"e-con-inner\">\n\t\t\t\t<div class=\"elementor-element elementor-element-82b940e elementor-widget elementor-widget-heading\" data-id=\"82b940e\" data-element_type=\"widget\" data-e-type=\"widget\" data-widget_type=\"heading.default\">\n\t\t\t\t\t<h2 class=\"elementor-heading-title elementor-size-default\">Vad jag hj\u00e4lper barn och ungdomar med<\/h2>\t\t\t\t<\/div>\n\t\t\t\t\t<\/div>\n\t\t\t\t<\/div>\n\t\t<div class=\"elementor-element elementor-element-49b894b e-flex e-con-boxed e-con e-parent\" data-id=\"49b894b\" data-element_type=\"container\" data-e-type=\"container\" data-settings=\"{&quot;background_background&quot;:&quot;classic&quot;}\">\n\t\t\t\t\t<div class=\"e-con-inner\">\n\t\t\t\t<div class=\"elementor-element elementor-element-13af31b elementor-widget elementor-widget-text-editor\" data-id=\"13af31b\" data-element_type=\"widget\" data-e-type=\"widget\" data-widget_type=\"text-editor.default\">\n\t\t\t\t\t\t\t\t\t<p>Barn och ungdomar kommer till mig med bland annat f\u00f6ljande teman:<\/p><ul><li>Sj\u00e4lvinsikt: <i>Vem \u00e4r jag? Vad kan jag?<\/i><i><\/i><\/li><li>Sj\u00e4lvk\u00e4nsla och sj\u00e4lvf\u00f6rtroende<\/li><li>Pubertet och identitetsfr\u00e5gor<\/li><li>Skolproblem, inl\u00e4rningssv\u00e5righeter, tentamens\u00e5ngest<\/li><li>\u00c5ngest, depressiva sinnesst\u00e4mningar, stress<\/li><li>Konflikter i familjen eller v\u00e4nskapskretsen<\/li><li>F\u00f6r\u00e4ldrarnas separation<\/li><li>Kommunikations- och relationsfr\u00e5gor<\/li><li>Yrkesorientering och framtidsfr\u00e5gor<\/li><\/ul>\t\t\t\t\t\t\t\t<\/div>\n\t\t\t\t\t<\/div>\n\t\t\t\t<\/div>\n\t\t<div class=\"elementor-element elementor-element-49e3119 e-flex e-con-boxed e-con e-parent\" data-id=\"49e3119\" data-element_type=\"container\" data-e-type=\"container\" data-settings=\"{&quot;background_background&quot;:&quot;classic&quot;}\">\n\t\t\t\t\t<div class=\"e-con-inner\">\n\t\t\t\t<div class=\"elementor-element elementor-element-a87b4ee elementor-widget elementor-widget-heading\" data-id=\"a87b4ee\" data-element_type=\"widget\" data-e-type=\"widget\" data-widget_type=\"heading.default\">\n\t\t\t\t\t<h2 class=\"elementor-heading-title elementor-size-default\">Hur jag arbetar<\/h2>\t\t\t\t<\/div>\n\t\t\t\t\t<\/div>\n\t\t\t\t<\/div>\n\t\t<div class=\"elementor-element elementor-element-416ae74 e-flex e-con-boxed e-con e-parent\" data-id=\"416ae74\" data-element_type=\"container\" data-e-type=\"container\" data-settings=\"{&quot;background_background&quot;:&quot;classic&quot;}\">\n\t\t\t\t\t<div class=\"e-con-inner\">\n\t\t\t\t<div class=\"elementor-element elementor-element-cf08a31 elementor-widget elementor-widget-text-editor\" data-id=\"cf08a31\" data-element_type=\"widget\" data-e-type=\"widget\" data-widget_type=\"text-editor.default\">\n\t\t\t\t\t\t\t\t\t<p>Varje barn och varje ungdom \u00e4r unik. D\u00e4rf\u00f6r anpassar jag i mitt arbete <strong>mig individuellt efter den aktuella personligheten<\/strong>, \u00e5ldern och den aktuella livssituationen. <\/p><p>Grunden f\u00f6r v\u00e5rt samarbete \u00e4r <b>f\u00f6rtroende<\/b>. Endast om unga m\u00e4nniskor k\u00e4nner sig trygga och tagna p\u00e5 allvar kan de tala \u00f6ppet om det som ber\u00f6r dem. I denna <strong>skyddade ram uppst\u00e5r klarhet, l\u00e4ttnad och nya perspektiv.<\/strong>  <\/p>\t\t\t\t\t\t\t\t<\/div>\n\t\t\t\t\t<\/div>\n\t\t\t\t<\/div>\n\t\t<div class=\"elementor-element elementor-element-c5deb79 e-flex e-con-boxed e-con e-parent\" data-id=\"c5deb79\" data-element_type=\"container\" data-e-type=\"container\" data-settings=\"{&quot;background_background&quot;:&quot;classic&quot;}\">\n\t\t\t\t\t<div class=\"e-con-inner\">\n\t\t\t\t<div class=\"elementor-element elementor-element-d865652 elementor-widget elementor-widget-heading\" data-id=\"d865652\" data-element_type=\"widget\" data-e-type=\"widget\" data-widget_type=\"heading.default\">\n\t\t\t\t\t<h2 class=\"elementor-heading-title elementor-size-default\">Det f\u00e5r vara l\u00e4tt \u2013 och roligt<\/h2>\t\t\t\t<\/div>\n\t\t\t\t\t<\/div>\n\t\t\t\t<\/div>\n\t\t<div class=\"elementor-element elementor-element-89584ea e-flex e-con-boxed e-con e-parent\" data-id=\"89584ea\" data-element_type=\"container\" data-e-type=\"container\" data-settings=\"{&quot;background_background&quot;:&quot;classic&quot;}\">\n\t\t\t\t\t<div class=\"e-con-inner\">\n\t\t\t\t<div class=\"elementor-element elementor-element-3e459de elementor-widget elementor-widget-text-editor\" data-id=\"3e459de\" data-element_type=\"widget\" data-e-type=\"widget\" data-widget_type=\"text-editor.default\">\n\t\t\t\t\t\t\t\t\t<p>En viktig del av mitt arbete \u00e4r att st\u00e4rka medvetenheten om sig sj\u00e4lv och sin egen situation. Tillsammans uppt\u00e4cker vi <strong>f\u00f6rm\u00e5gor, inre resurser och nya perspektiv.<\/strong> Ofta handlar det om ett perspektivbyte \u2013 bort fr\u00e5n fr\u00e5gan <i>\u201dHur ser andra mig?\u201d<\/i> till <i>\u201dVad vill och beh\u00f6ver jag sj\u00e4lv?\u201d<\/i> Det \u00e4r en helt v\u00e4sentlig \u00f6vning f\u00f6r hela livet. <i><\/i><\/p><p>Ju yngre klienterna \u00e4r, desto mer lekfullt \u00e4r mitt tillv\u00e4gag\u00e5ngss\u00e4tt. Med barn arbetar jag \u2013 om det \u00e4r meningsfullt \u2013 med kreativa och lekfulla element som m\u00e5leri, figurer, b\u00f6cker, instrument eller spel. P\u00e5 s\u00e5 s\u00e4tt kan k\u00e4nslor och teman ofta uttryckas l\u00e4ttare \u00e4n med enbart ord.  <\/p>\t\t\t\t\t\t\t\t<\/div>\n\t\t\t\t\t<\/div>\n\t\t\t\t<\/div>\n\t\t<div class=\"elementor-element elementor-element-7e56cd7 e-flex e-con-boxed e-con e-parent\" data-id=\"7e56cd7\" data-element_type=\"container\" data-e-type=\"container\" data-settings=\"{&quot;background_background&quot;:&quot;classic&quot;}\">\n\t\t\t\t\t<div class=\"e-con-inner\">\n\t\t\t\t<div class=\"elementor-element elementor-element-c59cf41 elementor-widget elementor-widget-heading\" data-id=\"c59cf41\" data-element_type=\"widget\" data-e-type=\"widget\" data-widget_type=\"heading.default\">\n\t\t\t\t\t<h2 class=\"elementor-heading-title elementor-size-default\">Samarbete med f\u00f6r\u00e4ldrar<\/h2>\t\t\t\t<\/div>\n\t\t\t\t\t<\/div>\n\t\t\t\t<\/div>\n\t\t<div class=\"elementor-element elementor-element-811e18c e-flex e-con-boxed e-con e-parent\" data-id=\"811e18c\" data-element_type=\"container\" data-e-type=\"container\" data-settings=\"{&quot;background_background&quot;:&quot;classic&quot;}\">\n\t\t\t\t\t<div class=\"e-con-inner\">\n\t\t\t\t<div class=\"elementor-element elementor-element-1a6d08a elementor-widget elementor-widget-text-editor\" data-id=\"1a6d08a\" data-element_type=\"widget\" data-e-type=\"widget\" data-widget_type=\"text-editor.default\">\n\t\t\t\t\t\t\t\t\t<p>Om det \u00e4r till hj\u00e4lp \u2013 och endast med barnets eller ungdomens samtycke \u2013 kan f\u00f6r\u00e4ldrar eller familjen involveras i den terapeutiska processen. M\u00e5let \u00e4r alltid att st\u00f6dja barnet eller ungdomen p\u00e5 b\u00e4sta m\u00f6jliga s\u00e4tt. <\/p><p>Arbetet med ungdomar omfattas \u2013 liksom f\u00f6r alla mina klienter \u2013 av <b>strikt sekretess<\/b>. Denna konfidentialitet \u00e4r en viktig f\u00f6ruts\u00e4ttning f\u00f6r \u00f6ppenhet och f\u00f6rtroende. <\/p>\t\t\t\t\t\t\t\t<\/div>\n\t\t\t\t\t<\/div>\n\t\t\t\t<\/div>\n\t\t<div class=\"elementor-element elementor-element-b9e85fe e-flex e-con-boxed e-con e-parent\" data-id=\"b9e85fe\" data-element_type=\"container\" data-e-type=\"container\" data-settings=\"{&quot;background_background&quot;:&quot;classic&quot;}\">\n\t\t\t\t\t<div class=\"e-con-inner\">\n\t\t<div class=\"elementor-element elementor-element-19fd818 e-con-full e-flex e-con e-child\" data-id=\"19fd818\" data-element_type=\"container\" data-e-type=\"container\" data-settings=\"{&quot;background_background&quot;:&quot;classic&quot;}\">\n\t\t\t\t<div class=\"elementor-element elementor-element-9956dd0 elementor-blockquote--skin-quotation elementor-blockquote--align-center elementor-widget elementor-widget-blockquote\" data-id=\"9956dd0\" data-element_type=\"widget\" data-e-type=\"widget\" data-widget_type=\"blockquote.default\">\n\t\t\t\t\t\t\t<blockquote class=\"elementor-blockquote\">\n\t\t\t<p class=\"elementor-blockquote__content\">\n\t\t\t\tVi kontaktade Lisa Svensson n\u00e4r v\u00e5r 6-\u00e5rige son hade problem med att komma till r\u00e4tta i sin nya skola. Jag och Frau Svensson tr\u00e4ffades f\u00f6rsta g\u00e5ngen f\u00f6r att diskutera \u00f6verenskommelsen f\u00f6r framtida m\u00f6ten med min son. Hon lyckades mycket snabbt skapa f\u00f6rtroende genom lekterapi, men ocks\u00e5 genom sitt v\u00e4nliga och f\u00f6rtroendeingivande s\u00e4tt. Det var fantastiskt att se hur min son gradvis \u00f6ppnade sig under veckorna av samtal. Vi som f\u00f6r\u00e4ldrar k\u00e4nde att det var viktigt f\u00f6r honom att kunna anf\u00f6rtro sig \u00e5t en vuxen utanf\u00f6r familjen. Samtalet hj\u00e4lpte min son att reflektera \u00f6ver sig sj\u00e4lv och skolsituationen p\u00e5 ett odramatiskt s\u00e4tt. Vad Lisa hade pratat om i samtalen kunde vi f\u00f6lja upp i v\u00e5ra samtal hemma. Frau Svensson hade ocks\u00e5 kontakt med skolan s\u00e5 att alla parter kunde st\u00f6dja min son p\u00e5 r\u00e4tt s\u00e4tt. Frau Svenssons st\u00f6d och hennes r\u00e5d till oss f\u00f6r\u00e4ldrar var mycket v\u00e4rdefulla.        \t\t\t<\/p>\n\t\t\t\t\t<\/blockquote>\n\t\t\t\t\t\t<\/div>\n\t\t\t\t<div class=\"elementor-element elementor-element-a17fc03 elementor-blockquote--skin-quotation elementor-blockquote--align-center elementor-widget elementor-widget-blockquote\" data-id=\"a17fc03\" data-element_type=\"widget\" data-e-type=\"widget\" data-widget_type=\"blockquote.default\">\n\t\t\t\t\t\t\t<blockquote class=\"elementor-blockquote\">\n\t\t\t<p class=\"elementor-blockquote__content\">\n\t\t\t\tLisa har f\u00f6ljt v\u00e5r 12-\u00e5riga dotter under det senaste skol\u00e5ret, eftersom hon led av tentamens\u00e5ngest. Hon har med sitt mycket lugna, v\u00e4nskapliga och empatiska s\u00e4tt hj\u00e4lpt henne att f\u00e5 bukt med \u00e5ngesten. V\u00e5r dotter tog mycket g\u00e4rna emot coachningen hos Lisa och kunde oms\u00e4tta m\u00e5nga tips och hj\u00e4lpmedel i praktiken. Stort tack Lisa!   \t\t\t<\/p>\n\t\t\t\t\t<\/blockquote>\n\t\t\t\t\t\t<\/div>\n\t\t\t\t<div class=\"elementor-element elementor-element-c628029 elementor-blockquote--skin-quotation elementor-blockquote--align-center elementor-widget elementor-widget-blockquote\" data-id=\"c628029\" data-element_type=\"widget\" data-e-type=\"widget\" data-widget_type=\"blockquote.default\">\n\t\t\t\t\t\t\t<blockquote class=\"elementor-blockquote\">\n\t\t\t<p class=\"elementor-blockquote__content\">\n\t\t\t\tJag \u00e4r v\u00e4ldigt glad att hon m\u00e5r b\u00e4ttre nu och att vi hittade dig.\t\t\t<\/p>\n\t\t\t\t\t<\/blockquote>\n\t\t\t\t\t\t<\/div>\n\t\t\t\t<div class=\"elementor-element elementor-element-8b732b7 elementor-widget elementor-widget-text-editor\" data-id=\"8b732b7\" data-element_type=\"widget\" data-e-type=\"widget\" data-widget_type=\"text-editor.default\">\n\t\t\t\t\t\t\t\t\t<p><a href=\"https:\/\/coaching-therapie-muenchen.de\/sv\/feedback-fran-klienter\/\">L\u00e4s fler recensioner -&gt;<\/a><\/p>\t\t\t\t\t\t\t\t<\/div>\n\t\t\t\t<\/div>\n\t\t\t\t\t<\/div>\n\t\t\t\t<\/div>\n\t\t<div class=\"elementor-element elementor-element-5878072 e-flex e-con-boxed e-con e-parent\" data-id=\"5878072\" data-element_type=\"container\" data-e-type=\"container\" data-settings=\"{&quot;background_background&quot;:&quot;classic&quot;}\">\n\t\t\t\t\t<div class=\"e-con-inner\">\n\t\t<div class=\"elementor-element elementor-element-0b715ec e-con-full e-flex e-con e-child\" data-id=\"0b715ec\" data-element_type=\"container\" data-e-type=\"container\">\n\t\t<div class=\"elementor-element elementor-element-4441834 e-con-full e-flex e-con e-child\" data-id=\"4441834\" data-element_type=\"container\" data-e-type=\"container\">\n\t\t\t\t<div class=\"elementor-element elementor-element-da0e30d elementor-align-right elementor-mobile-align-center elementor-widget elementor-widget-button\" data-id=\"da0e30d\" data-element_type=\"widget\" data-e-type=\"widget\" data-widget_type=\"button.default\">\n\t\t\t\t\t\t\t\t\t\t<a class=\"elementor-button elementor-button-link elementor-size-sm\" href=\"https:\/\/calendly.com\/svensson-gixk\/umsonst-kennenlernen-free-get-to-know\" target=\"_blank\" rel=\"noopener\">\n\t\t\t\t\t\t<span class=\"elementor-button-content-wrapper\">\n\t\t\t\t\t\t\t\t\t<span class=\"elementor-button-text\">Kostnadsfritt l\u00e4ra-k\u00e4nna-samtal<\/span>\n\t\t\t\t\t<\/span>\n\t\t\t\t\t<\/a>\n\t\t\t\t\t\t\t\t<\/div>\n\t\t\t\t<\/div>\n\t\t<div class=\"elementor-element elementor-element-3e40551 e-con-full e-flex e-con e-child\" data-id=\"3e40551\" data-element_type=\"container\" data-e-type=\"container\">\n\t\t\t\t<div class=\"elementor-element elementor-element-f76252c elementor-align-left elementor-mobile-align-center elementor-widget elementor-widget-button\" data-id=\"f76252c\" data-element_type=\"widget\" data-e-type=\"widget\" data-widget_type=\"button.default\">\n\t\t\t\t\t\t\t\t\t\t<a class=\"elementor-button elementor-button-link elementor-size-sm\" href=\"https:\/\/coaching-therapie-muenchen.de\/sv\/kontakt-priser-bokning-coach-terapeut-muenchen\/\">\n\t\t\t\t\t\t<span class=\"elementor-button-content-wrapper\">\n\t\t\t\t\t\t\t\t\t<span class=\"elementor-button-text\">Boka en ordinarie sittning<\/span>\n\t\t\t\t\t<\/span>\n\t\t\t\t\t<\/a>\n\t\t\t\t\t\t\t\t<\/div>\n\t\t\t\t<\/div>\n\t\t\t\t<\/div>\n\t\t\t\t\t<\/div>\n\t\t\t\t<\/div>\n\t\t\t\t<\/div>\n\t\t","protected":false},"excerpt":{"rendered":"<p>Terapi och coaching f\u00f6r ungdomar i M\u00fcnchen \u201dM\u00e4nsklighetens \u00f6verlevnad beror p\u00e5 hur vi fostrar barnens hj\u00e4rtan.\u201d(Dalai Lama) Barn och ungdomar st\u00e5r idag inf\u00f6r m\u00e5nga inre och yttre utmaningar. Ofta \u00e4r det bra att prata om sina bekymmer, fr\u00e5gor och konflikter med en utomst\u00e5ende, neutral person \u2013 n\u00e5gon som lyssnar, tar en p\u00e5 allvar och ger [&hellip;]<\/p>\n","protected":false},"author":1,"featured_media":0,"parent":0,"menu_order":0,"comment_status":"closed","ping_status":"closed","template":"","meta":{"footnotes":""},"class_list":["post-1635","page","type-page","status-publish","hentry"],"_links":{"self":[{"href":"https:\/\/coaching-therapie-muenchen.de\/sv\/wp-json\/wp\/v2\/pages\/1635","targetHints":{"allow":["GET"]}}],"collection":[{"href":"https:\/\/coaching-therapie-muenchen.de\/sv\/wp-json\/wp\/v2\/pages"}],"about":[{"href":"https:\/\/coaching-therapie-muenchen.de\/sv\/wp-json\/wp\/v2\/types\/page"}],"author":[{"embeddable":true,"href":"https:\/\/coaching-therapie-muenchen.de\/sv\/wp-json\/wp\/v2\/users\/1"}],"replies":[{"embeddable":true,"href":"https:\/\/coaching-therapie-muenchen.de\/sv\/wp-json\/wp\/v2\/comments?post=1635"}],"version-history":[{"count":8,"href":"https:\/\/coaching-therapie-muenchen.de\/sv\/wp-json\/wp\/v2\/pages\/1635\/revisions"}],"predecessor-version":[{"id":2236,"href":"https:\/\/coaching-therapie-muenchen.de\/sv\/wp-json\/wp\/v2\/pages\/1635\/revisions\/2236"}],"wp:attachment":[{"href":"https:\/\/coaching-therapie-muenchen.de\/sv\/wp-json\/wp\/v2\/media?parent=1635"}],"curies":[{"name":"wp","href":"https:\/\/api.w.org\/{rel}","templated":true}]}}