{"id":1621,"date":"2025-12-30T00:08:54","date_gmt":"2025-12-29T23:08:54","guid":{"rendered":"https:\/\/coaching-therapie-muenchen.de\/omdoemen\/"},"modified":"2026-02-16T18:18:45","modified_gmt":"2026-02-16T17:18:45","slug":"feedback-fran-klienter","status":"publish","type":"page","link":"https:\/\/coaching-therapie-muenchen.de\/sv\/feedback-fran-klienter\/","title":{"rendered":"Omd\u00f6men"},"content":{"rendered":"\t\t<div data-elementor-type=\"wp-page\" data-elementor-id=\"1621\" class=\"elementor elementor-1621 elementor-275\" data-elementor-post-type=\"page\">\n\t\t\t\t<div class=\"elementor-element elementor-element-27728d4 e-flex e-con-boxed e-con e-parent\" data-id=\"27728d4\" data-element_type=\"container\" data-e-type=\"container\">\n\t\t\t\t\t<div class=\"e-con-inner\">\n\t\t\t\t<div class=\"elementor-element elementor-element-e348889 elementor-widget elementor-widget-heading\" data-id=\"e348889\" data-element_type=\"widget\" data-e-type=\"widget\" data-widget_type=\"heading.default\">\n\t\t\t\t\t<h1 class=\"elementor-heading-title elementor-size-default\">Omd\u00f6men fr\u00e5n klienter<\/h1>\t\t\t\t<\/div>\n\t\t\t\t\t<\/div>\n\t\t\t\t<\/div>\n\t\t<div class=\"elementor-element elementor-element-e200c01 e-flex e-con-boxed e-con e-parent\" data-id=\"e200c01\" data-element_type=\"container\" data-e-type=\"container\">\n\t\t\t\t\t<div class=\"e-con-inner\">\n\t\t\t\t<div class=\"elementor-element elementor-element-f9b4d10 elementor-widget elementor-widget-text-editor\" data-id=\"f9b4d10\" data-element_type=\"widget\" data-e-type=\"widget\" data-widget_type=\"text-editor.default\">\n\t\t\t\t\t\t\t\t\t<p>2025-12-03, Par, \u00c5lder 30-40 \u00e5r:<\/p><p>\u201dVi vill tacka f\u00f6r sessionerna i september. De var mycket hj\u00e4lpsamma f\u00f6r oss. N\u00e5gra saker som vi s\u00e4rskilt lade m\u00e4rke till:  <\/p><p>\u2013 F\u00f6r min fru var det mycket v\u00e4rdefullt att ha ett rum d\u00e4r hon \u00f6ppet kunde prata om sina behov och s\u00e4tta ord p\u00e5 dem.<\/p><p>\u2013 F\u00f6r mig var det hj\u00e4lpsamt att f\u00f6rst\u00e5 att det vi g\u00e5r igenom just nu \u00e4r en normal fas som m\u00e5nga par upplever, och att betrakta det ur detta bredare perspektiv.<\/p><p>Samtalen med dig har hj\u00e4lpt oss att kommunicera mer medvetet med varandra.\u201d<\/p><p> <\/p><p>2025-12-01, Man, \u00c5lder 30-40 \u00e5r:<\/p><p>&#8221;De tv\u00e5 sessionerna hos dig har hj\u00e4lpt mig extremt mycket. Eventuellt skulle jag vilja arbeta mer med kommunikationstekniker. N\u00e4r det \u00e4r dags h\u00f6r jag av mig.&#8221;  <\/p><p> <\/p><p>2025-11-18, Kvinna, \u00c5lder 20-30 \u00e5r<\/p><p>&#8221;Jag hade en session hos dig f\u00f6r ungef\u00e4r 1,5 \u00e5r sedan. D\u00e5 sa du att du skulle bli glad om jag h\u00f6rde av mig igen och ber\u00e4ttade vilket beslut jag hade tagit.  <\/p><p>Och vad kan jag s\u00e4ga, sessionen hos dig har verkligen hj\u00e4lpt mig j\u00e4ttemycket och jag \u00e4r nu inne p\u00e5 mitt andra utbildnings\u00e5r. Nu tror jag att jag \u00e4ntligen har hittat r\u00e4tt. Stort tack f\u00f6r att du st\u00e4rkte och st\u00f6ttade mig i detta beslut.&#8221;  <\/p><p> <\/p><p>2025-06-06, Kvinna, \u00c5lder 20-30 \u00e5r<\/p><p>&#8221;Jag tackar dig av hela mitt hj\u00e4rta f\u00f6r ditt st\u00f6d och f\u00f6r att du har f\u00f6ljt mig genom s\u00e5 m\u00e5nga olika faser i mitt liv. Samarbetet med dig under de senaste \u00e5ren har varit en otroligt viktig erfarenhet f\u00f6r mig. Jag uppskattar allt jag har l\u00e4rt mig av dig mycket och det har f\u00f6r\u00e4ndrat mitt liv avg\u00f6rande. Jag uppskattar s\u00e4rskilt din omsorg och v\u00e4nlighet och \u00e4r v\u00e4ldigt glad \u00f6ver att ha hittat dig.&#8221;   <\/p><p> <\/p><p>2025-04-09, Man, 30-40 \u00e5r<\/p><p>&#8221;Tack igen f\u00f6r din tid och hj\u00e4lp. Jag \u00e4r verkligen f\u00f6rv\u00e5nad \u00f6ver hur h\u00e5llbart annorlunda det k\u00e4nns. Inte f\u00f6r att jag \u00e4r helt fri fr\u00e5n alla tvivel, men jag har sedan v\u00e5rt arbete med demonerna tillg\u00e5ng till en kraft som jag inte har k\u00e4nt p\u00e5 l\u00e4nge. Jag k\u00e4nner mig fastare och lugnare inombords och har \u00e4ntligen k\u00e4nslan av att kunna forma mitt liv sj\u00e4lv igen. Fantastiskt vad du g\u00f6r. :)&#8221;     <\/p><p>2024-05-01, \u00c5lder 40-50 \u00e5r<\/p><p>&#8221;Det fanns n\u00e5gra g\u00e5nger n\u00e4r jag var v\u00e4ldigt stressad och hade flashbacks till tidigare situationer, men nu \u00e4r jag mer medveten om vad som h\u00e4nder och \u00e4r d\u00e4rf\u00f6r inte l\u00e4ngre lika stressad av min egen stress som tidigare.&#8221;<\/p><p> <\/p><p>2023-11-02, Par, \u00c5lder 20-30 \u00e5r<\/p><p>&#8221;Denna kommunikationsmetod har visat oss att vi b\u00e5da \u00e4r okej som vi \u00e4r. Vi beh\u00f6ver bara lyssna p\u00e5 oss sj\u00e4lva och den andre. Vi har rekommenderat er till alla v\u00e5ra v\u00e4nner, tack s\u00e5 mycket.&#8221;  <\/p><p> <\/p><p>2023-02-11, Par, \u00c5lder 40-50 \u00e5r<\/p><p>&#8221;Tack s\u00e5 mycket f\u00f6r detta v\u00e4rdefulla arbete. Jag hade aldrig trott att vi kunde vara s\u00e5 n\u00e4ra och s\u00e5 bra med varandra. Vi \u00e4r b\u00e5da mycket s\u00e4kra p\u00e5 att vi kan forts\u00e4tta det kommunikationsarbete som ni har l\u00e4rt oss. Tack s\u00e5 mycket!&#8221;   <\/p><p> <\/p><p>2022-04-27, \u00c5lder 40-50 \u00e5r<\/p><p>&#8221;Att jag har f\u00e5tt kraften att ta mig ur min mors 10-\u00e5riga \u00f6verbelastning\/missbrukssituation \u00e4r tack vare dig och ditt arbete. Jag \u00e4r dig o\u00e4ndligt tacksam.&#8221; <\/p><p> <\/p><p>2021-06-18, \u00c5lder 16-20 \u00e5r:<\/p><p>&#8221;Jag gick i terapi hos Lisa Svensson i n\u00e5gra \u00e5r som ungdom (14-17 \u00e5r gammal) och jag m\u00e5ste s\u00e4ga att jag bara har positiva erfarenheter. Jag har flyttat p\u00e5 grund av studier och \u00e4r d\u00e4rf\u00f6r inte l\u00e4ngre hos henne. Jag rekommenderar henne dock till alla som s\u00f6ker en seri\u00f6s och hj\u00e4lpsam terapi i M\u00fcnchen.&#8221; <i>(Anonym recension p\u00e5 Jameda)<\/i><i><\/i><\/p><p> <\/p><p>2020-05-11, Par, \u00c5lder 30-50 \u00e5r:<\/p><p>&#8221;Lisa Svensson ledde samtalet mycket bra med sitt lugna s\u00e4tt och st\u00f6tte oss g\u00e5ng p\u00e5 g\u00e5ng p\u00e5 saker som vi inte hade varit medvetna om tidigare. Detta gav oss ett helt nytt intryck av partnerns k\u00e4nslom\u00e4ssiga v\u00e4rld. Metoden med icke-v\u00e5ldskommunikation \u00e4r inte bara hj\u00e4lpsam i v\u00e5rt partnerskap, utan \u00e4ven i relationerna med v\u00e5ra barn och medm\u00e4nniskor. Lisa \u00e4r en mycket kapabel, sansad, empatisk och ytterst kompetent terapeut, vi kan rekommendera henne av hela v\u00e5rt hj\u00e4rta.&#8221; <i>(Anonym recension p\u00e5 Jameda)<\/i><i><\/i><\/p><p> <\/p><p>2019-02-05, \u00c5lder: 6<\/p><p>&#8221;Vi kontaktade Lisa Svensson n\u00e4r v\u00e5r 6-\u00e5rige son hade problem med att komma till r\u00e4tta i sin nya skola. Jag och Frau Svensson tr\u00e4ffades f\u00f6rsta g\u00e5ngen f\u00f6r att diskutera \u00f6verenskommelsen f\u00f6r framtida m\u00f6ten med min son. Hon lyckades mycket snabbt skapa f\u00f6rtroende genom lekterapi, men ocks\u00e5 genom sitt v\u00e4nliga och f\u00f6rtroendeingivande s\u00e4tt. Det var fantastiskt att se hur min son gradvis \u00f6ppnade sig under veckorna av samtal. Vi som f\u00f6r\u00e4ldrar k\u00e4nde att det var viktigt f\u00f6r honom att kunna anf\u00f6rtro sig till en vuxen utanf\u00f6r familjen. Samtalet hj\u00e4lpte min son att reflektera \u00f6ver sig sj\u00e4lv och skolsituationen p\u00e5 ett odramatiskt s\u00e4tt. Det som Lisa pratade om i samtalen kunde vi f\u00f6lja upp i v\u00e5ra samtal hemma. Frau Svensson hade ocks\u00e5 kontakt med skolan s\u00e5 att alla parter kunde st\u00f6dja min son p\u00e5 r\u00e4tt s\u00e4tt. Frau Svenssons st\u00f6d och hennes r\u00e5d till oss f\u00f6r\u00e4ldrar var mycket v\u00e4rdefulla&#8221; <i>(Recension fr\u00e5n mamman till en ung klient)<\/i>        <i><\/i><\/p><p> <\/p><p>2018-10-22, \u00c5lder: 12 <\/p><p>&#8221;Lisa f\u00f6ljde v\u00e5r 12-\u00e5riga dotter under det senaste skol\u00e5ret, eftersom hon led av tentamens\u00e5ngest. Med sitt mycket lugna, v\u00e4nskapliga och empatiska s\u00e4tt hj\u00e4lpte hon till att f\u00e5 bukt med \u00e5ngesten. V\u00e5r dotter tog mycket g\u00e4rna emot coachningen hos Lisa och kunde oms\u00e4tta m\u00e5nga tips och hj\u00e4lpmedel. Tack s\u00e5 mycket Lisa!&#8221; <i>(Recension fr\u00e5n mamman till en ung klient)<\/i>   <i><\/i><\/p><p><i>___<\/i><i><\/i><\/p><p> <\/p><p>2018-08-03, \u00c5lder: 30 till 50<\/p><p>&#8221;Kan rekommenderas utan reservation!!: Jag har alltid trivts hos Lisa, \u00e4ven om jag ofta har n\u00e5tt mina gr\u00e4nser. Som ingenj\u00f6r har jag ofta sv\u00e5rt att komma \u00e5t mina k\u00e4nslor och de djupare \u00e4mnena, men genom det empatiska s\u00e4ttet och den fina variationen av samtal och sedan \u00e5terigen k\u00e4nna in och arbeta med kroppen har jag f\u00e5tt helt nya insikter f\u00f6r mig sj\u00e4lv. Fr\u00e5n varje session kom det igen en super sp\u00e4nnande bild, vilket \u00e4r ett bra ankare f\u00f6r mig och p\u00e5minner mig om sessionen. Jag \u00e4r verkligen entusiastisk \u00f6ver hur Lisa arbetar och har redan rekommenderat henne till m\u00e5nga av mina v\u00e4nner. Mycket hj\u00e4lpsamt \u00e4ven f\u00f6r par! Tusen tack Lisa!!!&#8221; <i>(Anonym recension p\u00e5 Jameda)<\/i><i><\/i><\/p><p><i>___<\/i><i><\/i><\/p><p> <\/p><p>2018-07-29, \u00c5lder: \u00f6ver 50<\/p><p>&#8221;Empatisk och kompetent terapeut: Lisa Svensson \u00e4r en varm och f\u00f6rtroendeingivande terapeut. Lyckas genom sitt mycket positiva s\u00e4tt att betrakta situationer mer differentierat. Supercoach. Rekommenderas utan reservation.&#8221; <i>(Anonym recension p\u00e5 Jameda)<\/i><i><\/i><\/p><p><i>___<\/i><i><\/i><\/p><p> <\/p><p>2018-07-29, \u00c5lder: 30 till 50:<\/p><p>&#8221;Coaching som fortfarande entusiasmerar och verkar l\u00e5ngvarigt: Jag k\u00e4nde mig mycket v\u00e4l omh\u00e4ndertagen hos Lisa under varje enskild timme. Mina \u00f6nskem\u00e5l togs alltid p\u00e5 allvar och hanterades meningsfullt \u2013 skr\u00e4ddarsydda f\u00f6r mig personligen, ibland lekfullt, ibland strategiskt. Jag \u00e4r s\u00e4ker p\u00e5 att coachningen (fr\u00e5n b\u00f6rjan av min f\u00f6rsta timme till idag) har gjort mycket positivt. Jag ser fram emot alla ytterligare processer i samband med coachningen!&#8221; <i>(Anonym recension p\u00e5 Jameda)<\/i>   <i><\/i><\/p><p><i>___<\/i><i><\/i><\/p><p> <\/p><p>2018-07-26, \u00c5lder under 30:<\/p><p>&#8221;Mycket kompetent och empatisk: Lisa \u00e4r en mycket trevlig och empatisk person. Jag beh\u00f6vde hennes hj\u00e4lp i en sv\u00e5r fas d\u00e4r jag k\u00e4mpade med \u00e5ngest och stress. Tack vare Lisas st\u00f6d kan jag nu hantera sv\u00e5ra situationer b\u00e4ttre och leva mycket mer avslappnat. Genom terapin har jag ocks\u00e5 l\u00e4rt mig att meditation \u00e4r ett mycket hj\u00e4lpsamt st\u00f6d i vardagen.    <\/p><p>Jag har alltid trivts i praktiken och \u00e4ven om jag har sv\u00e5ra arbetstider har Lisa alltid kommit mig till m\u00f6tes s\u00e5 att vi alltid har kunnat hitta en tid.<\/p><p>Mycket rekommenderat!&#8221; <i>(Anonym recension p\u00e5 Jameda)<\/i><i><\/i><\/p><p><i>___<\/i><i><\/i><\/p><p> <\/p><p>2018-07-25, \u00c5lder 20-40:<\/p><p>&#8221;Fantastisk terapi med en fantastisk terapeut: Man k\u00e4nner sig direkt v\u00e4lkommen och f\u00f6rst\u00e5dd. Man m\u00e4rker direkt att Frau Svensson \u00e4r en mycket empatisk person som g\u00f6r sitt arbete av passion, vilket g\u00f6r att man mycket snabbt bygger upp ett f\u00f6rtroende f\u00f6r varandra. Jag m\u00e4rkte de f\u00f6rsta positiva resultaten fr\u00e5n denna terapi efter n\u00e5gra veckor, och sedan dess har mitt liv f\u00f6r\u00e4ndrats. Jag \u00e4r mycket tacksam f\u00f6r allt som Frau Svensson har gjort f\u00f6r mig. Jag kan bara rekommendera henne till alla!&#8221; <i>(Anonym recension p\u00e5 Jameda<\/i>)    <\/p><p>___<\/p><p> <\/p><p>2017-12-20, \u00c5lder 30-50:<\/p><p>&#8221;Kompetent, trevlig och hj\u00e4lpsam: Frau Svensson har hj\u00e4lpt mig mycket att hantera konsekvenserna av en skilsm\u00e4ssa och en kronisk sjukdom.&#8221; <i>(Anonym recension p\u00e5 Jameda<\/i>)<\/p><p>___<\/p><p> <\/p><p> 2017-04-30, \u00c5lder \u00f6ver 50<\/p><p>&#8221;Lisa Svensson har st\u00f6ttat mig mycket kompetent, f\u00f6rtroendeingivande och empatiskt i olika sv\u00e5righeter. Jag gillar s\u00e4rskilt hennes gestaltterapeutiska tillv\u00e4gag\u00e5ngss\u00e4tt att inte ge r\u00e5d eller f\u00f6reskriva l\u00f6sningar, utan att hj\u00e4lpa mig att varaktigt hantera sv\u00e5righeterna i livet b\u00e4ttre sj\u00e4lv. Hon har ett brett utbud av metoder till sitt f\u00f6rfogande, som hon anv\u00e4nder mycket kreativt och anpassat till den individuella situationen och personen.&#8221; <i>(Anonym recension p\u00e5 Jameda<\/i>)<\/p><p>___<\/p><p> <\/p><p>2017-04-11, \u00c5lder 30-50:<\/p><p>&#8221;Efter att en autoimmun sjukdom konstaterades, och jag hade lidit av andn\u00f6d och inre oro under en l\u00e4ngre tid, rekommenderades Frau Lisa Svensson till mig. Genom hennes lugna, kompetenta s\u00e4tt k\u00e4nde jag mig mycket v\u00e4l omh\u00e4ndertagen hos henne. <\/p><p>Som naturl\u00e4kare, terapeut, med meditation och mindfulness har hon en stor och omfattande kunskap som hon anv\u00e4nder kreativt.<\/p><p>Jag \u00e4r mycket glad \u00f6ver att ha hittat henne och rekommenderar henne mycket g\u00e4rna vidare.&#8221; <i>(Anonym recension p\u00e5 Jameda)<\/i><i><\/i><\/p><p>___<\/p><p> <\/p><p>2017-01-26, \u00c5lder 30-50:<\/p><p>&#8221;Frau Svensson f\u00e5ngar upp mig redan genom sitt varma, k\u00e4rleksfulla och lugnande s\u00e4tt. Hos henne har jag k\u00e4nslan av att bli buren, oavsett hur min nuvarande situation ser ut. Hon h\u00e4mtar mig d\u00e4r jag befinner mig k\u00e4nslom\u00e4ssigt just nu. Och \u00e4r med full uppm\u00e4rksamhet, lugn och f\u00f6rst\u00e5else hos mig. Jag \u00e4r s\u00e5 tacksam \u00f6ver att jag har tr\u00e4ffat henne, eftersom hon \u00e4r ett verkligt st\u00f6d f\u00f6r mig och har visat mig nya v\u00e4gar f\u00f6r att bringa mycket ljus och klarhet in i s\u00e5 m\u00e5nga skuggsidor av livet. Tack!&#8221; <i>(Anonym recension p\u00e5 Jameda)<\/i>     <i><\/i><\/p><p>___<\/p><p> <\/p><p>2017-01-24, \u00c5lder: 30-50<\/p><p>&#8221;St\u00f6det fr\u00e5n Lisa Svensson har gjort mig mycket gott. Hennes uppskattande lyssnande och k\u00e4nnande har hj\u00e4lpt mig att hitta en hj\u00e4lpsam och mycket praktisk metod f\u00f6r att l\u00f6sa min utg\u00e5ngsfr\u00e5ga. Varje g\u00e5ng jag hade en tid hos henne s\u00e5g jag fram emot det redan dagen innan och gick d\u00e4rifr\u00e5n rakryggad och n\u00e4rvarande. Jag \u00e4r Lisa mycket tacksam f\u00f6r det och rekommenderar henne utan reservation!&#8221; <i>(Anonym recension p\u00e5 Jameda)<\/i>   <i><\/i><\/p><p><i>___<\/i><i><\/i><\/p><p> <\/p><p>2016-01-25, 30-50 \u00e5r:<\/p><p>\u201dMina sessioner med Lisa var en positiv och hj\u00e4lpsam erfarenhet f\u00f6r mig. Hon hade olika metoder till hands som jag dels kunde hantera mycket bra och som dels hj\u00e4lpte mig mycket att utveckla en mer avslappnad syn p\u00e5 saker och ting. Sammantaget var hon mycket empatisk och tog sig mycket tid \u2013 s\u00e4rskilt j\u00e4mf\u00f6rt med andra terapeuter k\u00e4nde jag mig verkligen mycket v\u00e4l och trygg. Praktikens tillg\u00e4nglighet \u00e4r utm\u00e4rkt och tidsbokningen var alltid mycket okomplicerad och flexibel. Tack s\u00e5 mycket f\u00f6r det fantastiska st\u00f6det och omh\u00e4ndertagandet!&#8221; <i>(Anonym recension p\u00e5 Jameda)<\/i>    <i><\/i><\/p><p>____<\/p><p>   <\/p><p>2015-10-05, \u00c5lder: 30-50:<\/p><p>&#8221;Lisa Svensson \u00e4r en mycket trevlig och empatisk terapeut.<\/p><p>Jag hittade Lisa Svensson i en livskris d\u00e4r det inte gick l\u00e4ngre.<\/p><p>Hon har befriat mig fr\u00e5n sj\u00e4lvtvivel och depressiva st\u00e4mningar. <\/p><p>N\u00e4r jag kommer till Frau Svensson ledsen, modl\u00f6s och kraftl\u00f6s, l\u00e4mnar jag m\u00f6tet med ny kraft, tillit och positiv k\u00e4nsla.<\/p><p>Frau Svensson \u00e4r medk\u00e4nnande och samtidigt \u00e4rlig. Hon g\u00e5r in individuellt p\u00e5 dina behov och s\u00f6ker tillsammans med dig efter nya v\u00e4gar.  <\/p><p>Med Frau Svenssons hj\u00e4lp har redan mycket f\u00f6r\u00e4ndrats till det positiva i mitt liv.<\/p><p>Sessionerna \u00e4ger rum i en avslappnad och trevlig atmosf\u00e4r.<\/p><p>Jag kan verkligen rekommendera Frau Svensson utan reservation!&#8221; <i>(Anonym recension p\u00e5 Jameda)<\/i><i><\/i><\/p><p>____<\/p><p> <\/p><p>2015-04-27, 30-50 \u00e5r:<\/p><p>\u201dLisa Svensson har hj\u00e4lpt mig att ta mig igenom min \u00e4ktenskapskris och nu vara lyckligt gift igen! Hon har lyckats hitta tillbaka de positiva k\u00e4nslorna och st\u00e4rka mig. Inte bara hemma kan jag l\u00f6sa vissa situationer l\u00e4ttare, utan \u00e4ven p\u00e5 kontoret \u00e4r jag st\u00e4rkt f\u00f6r sv\u00e5ra stunder. Tack s\u00e5 mycket f\u00f6r ditt fantastiska st\u00f6d!&#8221; <i>(Anonym recension p\u00e5 Jameda)<\/i>   <i><\/i><\/p><p>____<\/p><p> <\/p><p>2014-08-25, \u00c5lder: 30-50:<\/p><p>\u201dMina sessioner med Lisa var en berikning i alla avseenden. Hon var alltid mycket empatisk och h\u00e4nsynsfull och lyckades \u00e4nd\u00e5 locka mig ur min reserv och \u00e4ven arbeta provocerande ibland. Jag tycker s\u00e4rskilt bra om att hon alltid kom p\u00e5 andra, nya syns\u00e4tt p\u00e5 \u00e4mnen som jag delvis hade burit med mig i \u00e5ratal. Hon skapade \u00f6verraskningar och hj\u00e4lpte mig d\u00e4rigenom att bryta gamla tankem\u00f6nster och inleda positiva f\u00f6r\u00e4ndringar. Tack s\u00e5 mycket fr\u00e5n hj\u00e4rtat!&#8221; <i>(Anonym recension p\u00e5 Jameda)<\/i>    <i><\/i><\/p><p>____<\/p><p> <\/p><p>2014-03-05, 30-50 \u00e5r:<\/p><p>\u201dJag gick i terapi hos Lisa i 2 m\u00e5nader, eftersom jag hade \u00e5ngest och ville bli av med destruktiva tankes\u00e4tt som jag hade utvecklat i unga \u00e5r. Redan tidigare hade jag varit hos terapeuter, men kunde inte riktigt anpassa mig till deras metoder eller terapeuterna sj\u00e4lva. Lisa d\u00e4remot tog emot mig \u00f6ppet och utan n\u00e5gra som helst f\u00f6rdomar; hon tog mina problem p\u00e5 allvar, \u00e4ven om de i den stora bilden kanske bara verkade sm\u00e5. Genom sessionerna med henne l\u00e4rde jag mig att hantera min \u00e5ngest och att b\u00e4ttre kontrollera situationer d\u00e4r jag oavsiktligt p\u00e5verkades av omgivningen. Som icke-tysk var jag mycket glad \u00f6ver att hitta en terapeut som ocks\u00e5 erbjuder sessioner p\u00e5 andra spr\u00e5k. Dessutom var hon mycket flexibel i tidsbokningen, vilket \u00e4r mycket hj\u00e4lpsamt med ett heltidsjobb. F\u00f6r n\u00e4rvarande trivs jag mycket bra med mitt liv och k\u00e4nner mig ocks\u00e5 mycket s\u00e4ker, eftersom jag alltid kan r\u00e4kna med st\u00f6d fr\u00e5n Lisa. Jag kan verkligen rekommendera Lisa Svensson.&#8221; <i>(Anonym recension p\u00e5 Jameda)<\/i><i><\/i><\/p><p>____<\/p><p> <\/p><p>05.02.2014:<\/p><p>\u201dJag har inte beh\u00f6vt n\u00e5gra sm\u00e4rtstillande medel sedan v\u00e5rt arbete. S\u00e5\u00e5\u00e5 bra terapeut \ud83d\ude42 1000 tack f\u00f6r detta underbara arbete.&#8221; <i>(Anonym recension p\u00e5 Jameda)<\/i><i><\/i><\/p><p>____<\/p><p> <\/p><p> 2014-01-27, 30-50 \u00e5r:<\/p><p>\u201dLisa \u00e4r mycket kompetent och engagerad inom sitt omr\u00e5de. Hon tar sig tid och har alltid en l\u00f6sning redo p\u00e5 sitt s\u00e4tt. Med fr\u00e5gor, \u00f6vningar och god m\u00e4nniskok\u00e4nnedom g\u00f6r hon det b\u00e4sta av varje session. Jag kan bara rekommendera henne vidare.&#8221;<i> (Anonym recension p\u00e5 Jameda)<\/i>   <i><\/i><\/p><p><i>____<\/i><i><\/i><\/p><p> <\/p><p>2014-01-19, 30-50 \u00e5r:<\/p><p>\u201dMina sessioner hos Lisa Svensson var mycket bra. Hon har ett underbart s\u00e4tt, hennes terapeutiska tillv\u00e4gag\u00e5ngss\u00e4tt \u00f6vertygade mig. Jag var hos henne p\u00e5 grund av en professionell nystart, hon hj\u00e4lpte mig att tro p\u00e5 mig sj\u00e4lv och att t\u00e4nka positivt.&#8221; <i>(Anonym recension p\u00e5 Jameda)<\/i><i><\/i><\/p><p>____<\/p><p> <\/p><p>\u201dHej Frau Svensson, tack f\u00f6r det positiva introduktionsm\u00f6tet i morse. Jag tyckte att du var mycket sympatisk och f\u00f6rtroendeingivande direkt. Mitt inl\u00e4gg i lyckodagboken f\u00f6r idag lyder:  <\/p><p>&#8221;Lycklig \u00f6ver att ha tr\u00e4ffat Frau Svensson. Hon gav mig lite hopp om att allt inte beh\u00f6ver vara \u00f6ver och ger mig s\u00e4kerhet om att det finns n\u00e5gon som jag kan \u00f6ppna mig f\u00f6r.&#8221; <i>(E-post fr\u00e5n en man, 40-50 \u00e5r, egenf\u00f6retagare inom f\u00f6retagsekonomi)<\/i><i><\/i><\/p><p>____<\/p><p> <\/p><p>\u201dK\u00e4ra Frau Svensson, jag var hos dig f\u00f6r tv\u00e5 veckor sedan. Samtalet gjorde otroligt gott, det hade jag \u00e4rligt talat inte f\u00f6rv\u00e4ntat mig! Du har uppmuntrat mig att tro p\u00e5 mig sj\u00e4lv, eller att ta det som g\u00f6r mig gott.  <\/p><p>Jag tackar dig. Jag har sagt upp mig fr\u00e5n mitt arbete och k\u00e4nner mig befriad och motiverad att ta itu med nya uppgifter. Jag kommer att kontakta dig igen n\u00e4r som helst!\u201d <i>(E-post fr\u00e5n en kvinna, 30\u201340 \u00e5r, barnmorska)<\/i><i><\/i><\/p><p>____<\/p><p> <\/p><p>Hittills \u00e4r jag entusiastisk och ser fram emot n\u00e4sta m\u00f6te. \u201e <i>(E-post fr\u00e5n en man, 40\u201350 \u00e5r, ingenj\u00f6r)<\/i> <i><\/i><\/p>\t\t\t\t\t\t\t\t<\/div>\n\t\t\t\t\t<\/div>\n\t\t\t\t<\/div>\n\t\t<div class=\"elementor-element elementor-element-fe116c8 e-flex e-con-boxed e-con e-parent\" data-id=\"fe116c8\" data-element_type=\"container\" data-e-type=\"container\" data-settings=\"{&quot;background_background&quot;:&quot;classic&quot;}\">\n\t\t\t\t\t<div class=\"e-con-inner\">\n\t\t<div class=\"elementor-element elementor-element-fde344e e-con-full e-flex e-con e-child\" data-id=\"fde344e\" data-element_type=\"container\" data-e-type=\"container\">\n\t\t<div class=\"elementor-element elementor-element-b3d05f0 e-con-full e-flex e-con e-child\" data-id=\"b3d05f0\" data-element_type=\"container\" data-e-type=\"container\">\n\t\t\t\t<div class=\"elementor-element elementor-element-2947fef elementor-align-right elementor-mobile-align-center elementor-widget elementor-widget-button\" data-id=\"2947fef\" data-element_type=\"widget\" data-e-type=\"widget\" data-widget_type=\"button.default\">\n\t\t\t\t\t\t\t\t\t\t<a class=\"elementor-button elementor-button-link elementor-size-sm\" href=\"https:\/\/calendly.com\/svensson-gixk\/umsonst-kennenlernen-free-get-to-know\" target=\"_blank\" rel=\"noopener\">\n\t\t\t\t\t\t<span class=\"elementor-button-content-wrapper\">\n\t\t\t\t\t\t\t\t\t<span class=\"elementor-button-text\">Kostnadsfritt l\u00e4ra-k\u00e4nna-samtal<\/span>\n\t\t\t\t\t<\/span>\n\t\t\t\t\t<\/a>\n\t\t\t\t\t\t\t\t<\/div>\n\t\t\t\t<\/div>\n\t\t<div class=\"elementor-element elementor-element-f3b448b e-con-full e-flex e-con e-child\" data-id=\"f3b448b\" data-element_type=\"container\" data-e-type=\"container\">\n\t\t\t\t<div class=\"elementor-element elementor-element-4ac43a7 elementor-align-left elementor-mobile-align-center elementor-widget elementor-widget-button\" data-id=\"4ac43a7\" data-element_type=\"widget\" data-e-type=\"widget\" data-widget_type=\"button.default\">\n\t\t\t\t\t\t\t\t\t\t<a class=\"elementor-button elementor-button-link elementor-size-sm\" href=\"https:\/\/coaching-therapie-muenchen.de\/sv\/kontakt-priser-bokning-coach-terapeut-muenchen\/\">\n\t\t\t\t\t\t<span class=\"elementor-button-content-wrapper\">\n\t\t\t\t\t\t\t\t\t<span class=\"elementor-button-text\">Boka en ordinarie sittning<\/span>\n\t\t\t\t\t<\/span>\n\t\t\t\t\t<\/a>\n\t\t\t\t\t\t\t\t<\/div>\n\t\t\t\t<\/div>\n\t\t\t\t<\/div>\n\t\t\t\t\t<\/div>\n\t\t\t\t<\/div>\n\t\t\t\t<\/div>\n\t\t","protected":false},"excerpt":{"rendered":"<p>Omd\u00f6men fr\u00e5n klienter 2025-12-03, Par, \u00c5lder 30-40 \u00e5r: \u201dVi vill tacka f\u00f6r sessionerna i september. De var mycket hj\u00e4lpsamma f\u00f6r oss. N\u00e5gra saker som vi s\u00e4rskilt lade m\u00e4rke till: \u2013 F\u00f6r min fru var det mycket v\u00e4rdefullt att ha ett rum d\u00e4r hon \u00f6ppet kunde prata om sina behov och s\u00e4tta ord p\u00e5 dem. \u2013 [&hellip;]<\/p>\n","protected":false},"author":1,"featured_media":0,"parent":0,"menu_order":0,"comment_status":"closed","ping_status":"closed","template":"","meta":{"footnotes":""},"class_list":["post-1621","page","type-page","status-publish","hentry"],"_links":{"self":[{"href":"https:\/\/coaching-therapie-muenchen.de\/sv\/wp-json\/wp\/v2\/pages\/1621","targetHints":{"allow":["GET"]}}],"collection":[{"href":"https:\/\/coaching-therapie-muenchen.de\/sv\/wp-json\/wp\/v2\/pages"}],"about":[{"href":"https:\/\/coaching-therapie-muenchen.de\/sv\/wp-json\/wp\/v2\/types\/page"}],"author":[{"embeddable":true,"href":"https:\/\/coaching-therapie-muenchen.de\/sv\/wp-json\/wp\/v2\/users\/1"}],"replies":[{"embeddable":true,"href":"https:\/\/coaching-therapie-muenchen.de\/sv\/wp-json\/wp\/v2\/comments?post=1621"}],"version-history":[{"count":5,"href":"https:\/\/coaching-therapie-muenchen.de\/sv\/wp-json\/wp\/v2\/pages\/1621\/revisions"}],"predecessor-version":[{"id":2248,"href":"https:\/\/coaching-therapie-muenchen.de\/sv\/wp-json\/wp\/v2\/pages\/1621\/revisions\/2248"}],"wp:attachment":[{"href":"https:\/\/coaching-therapie-muenchen.de\/sv\/wp-json\/wp\/v2\/media?parent=1621"}],"curies":[{"name":"wp","href":"https:\/\/api.w.org\/{rel}","templated":true}]}}