{"id":1603,"date":"2025-12-14T19:26:02","date_gmt":"2025-12-14T18:26:02","guid":{"rendered":"https:\/\/coaching-therapie-muenchen.de\/dataskydd\/"},"modified":"2026-02-16T18:18:40","modified_gmt":"2026-02-16T17:18:40","slug":"dataskydd","status":"publish","type":"page","link":"https:\/\/coaching-therapie-muenchen.de\/sv\/dataskydd\/","title":{"rendered":"Dataskydd"},"content":{"rendered":"\t\t<div data-elementor-type=\"wp-page\" data-elementor-id=\"1603\" class=\"elementor elementor-1603 elementor-3\" data-elementor-post-type=\"page\">\n\t\t\t\t<div class=\"elementor-element elementor-element-75e2df6 e-flex e-con-boxed e-con e-parent\" data-id=\"75e2df6\" data-element_type=\"container\" data-e-type=\"container\">\n\t\t\t\t\t<div class=\"e-con-inner\">\n\t\t\t\t<div class=\"elementor-element elementor-element-374df507 elementor-widget elementor-widget-text-editor\" data-id=\"374df507\" data-element_type=\"widget\" data-e-type=\"widget\" data-widget_type=\"text-editor.default\">\n\t\t\t\t\t\t\t\t\t<h1 data-path-to-node=\"3\">Dataskyddspolicy<\/h1><h2 data-path-to-node=\"4\">1. Dataskydd i korthet<\/h2><h3 data-path-to-node=\"5\">Allm\u00e4nna anvisningar<\/h3><p data-path-to-node=\"6\">F\u00f6ljande <span class=\"citation-1727\">anvisningar ger en enkel \u00f6versikt \u00f6ver vad som h\u00e4nder med dina personuppgifter n\u00e4r du bes\u00f6ker denna<\/span> <span class=\"citation-1725 citation-1726 citation-1727 citation-end-1727\">webbplats. Personuppgifter \u00e4r alla uppgifter som kan identifiera dig personligen. U<\/span><span class=\"citation-1725 citation-1726\">mf\u00f6rlig information<\/span> <span class=\"citation-1723 citation-1724 citation-1725 citation-1726 citation-end-1726\">om dataskydd finns i v\u00e5r dataskyddsf\u00f6rklaring som du hittar under denna text<\/span><span class=\"citation-1723 citation-1724 citation-1725 citation-end-1725\">.<\/span><span class=\"citation-1723 citation-1724 citation-end-1724\"><\/span><\/p><h3 data-path-to-node=\"7\"><span class=\"citation-1721 citation-1722 citation-end-1722\">Datainsamling p\u00e5 denna webbplats<\/span><\/h3><p data-path-to-node=\"8\"><b data-path-to-node=\"8\" data-index-in-node=\"0\"><span class=\"citation-1719 citation-1720 citation-end-1720\">Vem \u00e4r ansvarig f\u00f6r datainsamlingen p\u00e5 denna webbplats?<\/span><\/b> <span class=\"citation-1715 citation-1716 citation-1717 citation-1718 citation-end-1718\">Databehandlingen<\/span><span class=\"citation-1715 citation-1716 citation-1717 citation-end-1717\"> p\u00e5 denna webbplats<\/span><span class=\"citation-1715 citation-1716 citation-end-1716\"> utf\u00f6rs av webbplatsoperat\u00f6ren. Kontaktuppgifter hittar du i avsnittet \u201dAnvisning om ansvarig instans\u201d i denna dataskyddsf\u00f6rklaring.<\/span><\/p><p data-path-to-node=\"9\"><b data-path-to-node=\"9\" data-index-in-node=\"0\"><span class=\"citation-1713 citation-1714 citation-end-1714\">Hur samlar vi in dina uppgifter?<\/span><\/b> <span class=\"citation-1711 citation-1712 citation-end-1712\">Dina uppgifter samlas in dels genom att du meddelar dem till oss. Det<\/span><span class=\"citation-1711 citation-end-1711\">ta kan t.ex. vara uppgifter<\/span> som du anger i ett kontaktformul\u00e4r eller vid bokning av tider (Calendly) samt anm\u00e4lan till seminarier (Jotform). Andra uppgifter samlas in automatiskt eller efter ditt samtycke vid bes\u00f6k p\u00e5 webbplatsen via v\u00e5ra IT-system. Det \u00e4r framf\u00f6r allt tekniska data (t.ex. webbl\u00e4sare, operativsystem eller tidpunkt f\u00f6r sidvisningen).  <\/p><p data-path-to-node=\"10\"><b data-path-to-node=\"10\" data-index-in-node=\"0\">Vad anv\u00e4nder vi dina uppgifter till?<\/b> En del av uppgifterna samlas in f\u00f6r att s\u00e4kerst\u00e4lla att webbplatsen tillhandah\u00e5lls felfritt. Andra uppgifter kan anv\u00e4ndas f\u00f6r att analysera ditt anv\u00e4ndarbeteende (Google Analytics). Om avtal ing\u00e5s via webbplatsen (t.ex. seminarianm\u00e4lningar) anv\u00e4nds uppgifterna f\u00f6r avtalshantering och betalningshantering.  <\/p><hr data-path-to-node=\"11\"><h2 data-path-to-node=\"12\">2. V\u00e4rdtj\u00e4nster<\/h2><p data-path-to-node=\"13\">Vi hostar inneh\u00e5llet p\u00e5 v\u00e5r webbplats hos f\u00f6ljande leverant\u00f6r: <b data-path-to-node=\"13\" data-index-in-node=\"63\">IONOS<\/b> Leverant\u00f6ren \u00e4r IONOS SE, Elgendorfer Str. 57, 56410 Montabaur. N\u00e4r du bes\u00f6ker v\u00e5r webbplats registrerar IONOS olika loggfiler inklusive dina IP-adresser. Mer information finns i dataskyddsf\u00f6rklaringen fr\u00e5n IONOS: <a class=\"ng-star-inserted\" href=\"https:\/\/www.ionos.de\/terms-gtc\/terms-privacy\" target=\"_blank\" rel=\"noopener\" data-hveid=\"0\" data-ved=\"0CAAQ_4QMahgKEwi-psji5eyRAxUAAAAAHQAAAAAQigw\">https:\/\/www.ionos.de\/terms-gtc\/terms-privacy<\/a>.  <\/p><hr data-path-to-node=\"14\"><h2 data-path-to-node=\"15\">3. Allm\u00e4nna anvisningar och obligatorisk information<\/h2><h3 data-path-to-node=\"16\">Anvisning om ansvarig instans<\/h3><p data-path-to-node=\"17\">Den ansvariga instansen f\u00f6r databehandlingen p\u00e5 denna webbplats \u00e4r: <b data-path-to-node=\"17\" data-index-in-node=\"77\">Lisa (Elisabeth) Svensson<\/b> Morawitzkystr. 4 80803 M\u00fcnchen Telefon: +491635178577 E-post: svensson@coaching-therapie-muenchen.de <\/p><h3 data-path-to-node=\"18\">SSL- respektive TLS-kryptering<\/h3><p data-path-to-node=\"19\">Den h\u00e4r sidan anv\u00e4nder en SSL- respektive TLS-kryptering av s\u00e4kerhetssk\u00e4l och f\u00f6r att skydda \u00f6verf\u00f6ringen av konfidentiellt inneh\u00e5ll. Med aktiverad kryptering kan uppgifter som du skickar till oss (t.ex. via kontaktformul\u00e4r eller vid betalningar) inte l\u00e4sas av tredje part. <\/p><h3 data-path-to-node=\"20\">Krypterad betalningstrafik<\/h3><p data-path-to-node=\"21\">Betalningstrafiken via vanliga betalningsmedel (t.ex. Visa\/MasterCard, PayPal) sker uteslutande via krypterade SSL- respektive TLS-anslutningar. Vi anv\u00e4nder externa betaltj\u00e4nstleverant\u00f6rer f\u00f6r att hantera dina betalningar s\u00e4kert. <\/p><hr data-path-to-node=\"22\"><h2 data-path-to-node=\"23\">4. Datainsamling och verktyg fr\u00e5n tredje part<\/h2><h3 data-path-to-node=\"24\">Google Tag Manager &amp; Google Analytics<\/h3><p data-path-to-node=\"25\">Vi anv\u00e4nder <b data-path-to-node=\"25\" data-index-in-node=\"15\">Google Tag Manager<\/b> f\u00f6r att hantera webbplatstaggar. Verktyget samlar inte in n\u00e5gra personuppgifter sj\u00e4lv, men triggar andra taggar (som Google Analytics). <b data-path-to-node=\"25\" data-index-in-node=\"172\">Google Analytics<\/b> (leverant\u00f6r: Google Ireland Limited) anv\u00e4nds f\u00f6r statistisk utv\u00e4rdering av webbplatsanv\u00e4ndningen. Detta sker endast efter ditt uttryckliga samtycke via v\u00e5r cookie-banner (artikel 6.1 a i GDPR).  <\/p><h3 data-path-to-node=\"26\">Google Ads &amp; Conversion-Tracking<\/h3><p data-path-to-node=\"27\">Vi anv\u00e4nder <b data-path-to-node=\"27\" data-index-in-node=\"11\">Google Ads<\/b> f\u00f6r att uppm\u00e4rksamma v\u00e5ra erbjudanden i s\u00f6kresultaten. Med hj\u00e4lp av <b data-path-to-node=\"27\" data-index-in-node=\"95\">Conversion-Tracking<\/b> kan vi fastst\u00e4lla om en anv\u00e4ndare har utf\u00f6rt en viss \u00e5tg\u00e4rd (t.ex. fyllt i ett kontaktformul\u00e4r) efter att ha klickat p\u00e5 en annons. \u00c4ven detta sker endast p\u00e5 grundval av ditt samtycke.  <\/p><h3 data-path-to-node=\"28\">Jotform (seminarieanm\u00e4lan)<\/h3><p data-path-to-node=\"29\">F\u00f6r v\u00e5ra onlineformul\u00e4r och seminarieanm\u00e4lningar anv\u00e4nder vi tj\u00e4nsten <b data-path-to-node=\"29\" data-index-in-node=\"73\">Jotform<\/b> (Jotform Inc., USA). De uppgifter du anger behandlas p\u00e5 Jotforms servrar. Vi har ing\u00e5tt ett avtal med Jotform om orderbehandling. Anv\u00e4ndningen sker f\u00f6r att fullg\u00f6ra eller inleda avtalet (artikel 6.1 b i GDPR).   <\/p><h3 data-path-to-node=\"30\">Calendly (tidsbokning)<\/h3><p data-path-to-node=\"31\">F\u00f6r att g\u00f6ra det enkelt f\u00f6r dig att boka tid anv\u00e4nder vi <b data-path-to-node=\"31\" data-index-in-node=\"64\">Calendly<\/b> (Calendly LLC, USA). N\u00e4r du bokar en tid \u00f6verf\u00f6rs uppgifterna till Calendly. Den r\u00e4ttsliga grunden \u00e4r artikel 6.1 b i GDPR (avtalsuppfyllelse).    <\/p><h3 data-path-to-node=\"32\">Zoom (onlinesessioner)<\/h3><p data-path-to-node=\"33\">F\u00f6r videosessioner och onlineseminarier anv\u00e4nder vi <b data-path-to-node=\"33\" data-index-in-node=\"51\">Zoom<\/b> (Zoom Video Communications, Inc., USA). H\u00e4rvid behandlas metadata f\u00f6r kommunikationen samt eventuella profil- och inneh\u00e5llsdata. Vi anv\u00e4nder Zoom f\u00f6r att tillhandah\u00e5lla v\u00e5ra tj\u00e4nster (artikel 6.1 b i GDPR).  <\/p><hr data-path-to-node=\"34\"><h2 data-path-to-node=\"35\">5. Cookies<\/h2><p>F\u00f6r hantering av de cookies och liknande tekniker (tracking-pixel, web-beacons etc.) som anv\u00e4nds och samtycken relaterade till dessa anv\u00e4nder vi Consent Tool &#8221;Real Cookie Banner&#8221;. Detaljer om hur &#8221;Real Cookie Banner&#8221; fungerar hittar du under &lt;a href=&#8221;https:\/\/devowl.io\/de\/rcb\/datenverarbeitung\/&#8221; rel=&#8221;noreferrer&#8221; target=&#8221;_blank&#8221;&gt;https:\/\/devowl.io\/de\/rcb\/datenverarbeitung\/&lt;\/a&gt;. <\/p><p>R\u00e4ttsliga grunder f\u00f6r behandlingen av personuppgifter i detta sammanhang \u00e4r artikel 6.1 c i GDPR och artikel 6.1 f i GDPR. V\u00e5rt ber\u00e4ttigade intresse \u00e4r hanteringen av de cookies och liknande tekniker som anv\u00e4nds och de samtycken som r\u00f6r dessa.     <\/p><p> <\/p><h2 data-path-to-node=\"35\">6. Betalningsleverant\u00f6rer och avtalsdata<\/h2><h3 data-path-to-node=\"36\">Behandling av kund- och avtalsdata<\/h3><p data-path-to-node=\"37\">Vi samlar in och behandlar personuppgifter i den m\u00e5n de \u00e4r n\u00f6dv\u00e4ndiga f\u00f6r att grunda eller \u00e4ndra r\u00e4ttsf\u00f6rh\u00e5llandet (t.ex. namn och adress f\u00f6r fakturor vid seminarier). Detta sker p\u00e5 grundval av artikel 6.1 b i GDPR.   <\/p><h3 data-path-to-node=\"38\">Betaltj\u00e4nster (t.ex. PayPal, Stripe)<\/h3><p data-path-to-node=\"39\">Vid bokning av avgiftsbelagda tj\u00e4nster \u00f6verf\u00f6rs dina betalningsuppgifter till respektive betaltj\u00e4nstleverant\u00f6r. \u00d6verf\u00f6ringen sker uteslutande i syfte att hantera betalningen och endast i den m\u00e5n det \u00e4r n\u00f6dv\u00e4ndigt f\u00f6r detta. <\/p><hr data-path-to-node=\"40\"><h2 data-path-to-node=\"41\">7. Nyhetsbrev<\/h2><p data-path-to-node=\"42\">Om du har samtyckt till det anv\u00e4nder vi din e-postadress f\u00f6r att skicka information om v\u00e5ra erbjudanden till dig. Utskick sker av oss sj\u00e4lva eller via en tj\u00e4nsteleverant\u00f6r. Du kan n\u00e4r som helst avregistrera dig via avregistreringsl\u00e4nken i e-postmeddelandet.  <\/p><p data-path-to-node=\"42\">______________________________________________<\/p><h2 data-path-to-node=\"41\">8. Plugins och verktyg<\/h2><p class=\"p3\">YouTube med ut\u00f6kat dataskydd<\/p><p class=\"p4\">Denna webbplats integrerar videor fr\u00e5n webbplatsen YouTube. Webbplatsen drivs av Google Ireland Limited <\/p><p class=\"p4\">(\u201dGoogle\u201d), Gordon House, Barrow Street, Dublin 4, Irland.<\/p><p class=\"p4\">N\u00e4r du bes\u00f6ker en av dessa webbplatser d\u00e4r YouTube \u00e4r integrerat, uppr\u00e4ttas en anslutning till<\/p><p class=\"p4\">Youtubes servrar. Youtubes server meddelas d\u00e5 vilka av v\u00e5ra sidor du <\/p><p class=\"p4\">har bes\u00f6kt. Om du \u00e4r inloggad p\u00e5 ditt YouTube-konto till\u00e5ter du YouTube att <\/p><p class=\"p4\">direkt koppla ditt surfbeteende till din personliga profil. Du kan f\u00f6rhindra detta genom att logga ut fr\u00e5n <\/p><p class=\"p4\">ditt YouTube-konto.<\/p><p class=\"p4\">Vi anv\u00e4nder YouTube i ut\u00f6kat dataskyddsl\u00e4ge. Videor som spelas upp i ut\u00f6kat dataskyddsl\u00e4ge <\/p><p class=\"p4\">anv\u00e4nds enligt YouTube inte f\u00f6r att anpassa surfningen p\u00e5 YouTube<\/p><p class=\"p4\">Annononser som spelas upp i ut\u00f6kat dataskyddsl\u00e4ge \u00e4r inte heller <\/p><p class=\"p4\">personanpassade. Inga cookies s\u00e4tts i ut\u00f6kat dataskyddsl\u00e4ge. Ist\u00e4llet  <\/p><p class=\"p4\">sparas dock s\u00e5 kallade Local Storage-element i anv\u00e4ndarens webbl\u00e4sare, som liknar cookies<\/p><p class=\"p4\">inneh\u00e5ller personuppgifter och kan anv\u00e4ndas f\u00f6r igenk\u00e4nning. Detaljer om <\/p><p class=\"p4\">ut\u00f6kat dataskyddsl\u00e4ge hittar du h\u00e4r:<\/p><p class=\"p5\">https:\/\/support.google.com\/youtube\/answer\/171780<span class=\"s3\">.<\/span><\/p><p class=\"p4\">Efter aktivering av en YouTube-video kan ytterligare databehandlingsprocesser<\/p><p class=\"p4\">utl\u00f6sas, som vi inte har n\u00e5got inflytande \u00f6ver.<\/p><p class=\"p4\"><span class=\"s1\">9 \/ 11<\/span>Anv\u00e4ndningen av YouTube sker i syfte att presentera v\u00e5ra online-erbjudanden p\u00e5 ett tilltalande s\u00e4tt.<\/p><p class=\"p4\">Detta utg\u00f6r ett ber\u00e4ttigat intresse i den mening som avses i artikel 6.1 f i GDPR. Om ett motsvarande   <\/p><p class=\"p4\">samtycke har inh\u00e4mtats sker behandlingen uteslutande p\u00e5 grundval av artikel 6.1 a  <\/p><p class=\"p4\">i GDPR och \u00a7 25.1 i TDDDG, i den m\u00e5n samtycket omfattar lagring av cookies eller \u00e5tkomst till <\/p><p class=\"p4\">information i anv\u00e4ndarens slutenhet (t.ex. Device-Fingerprinting) i den mening som avses i TDDDG. Samtycket <\/p><p class=\"p4\">kan \u00e5terkallas n\u00e4r som helst.<\/p><p class=\"p4\">Mer information om dataskydd hos YouTube hittar du i deras dataskyddsf\u00f6rklaring under:<\/p><p class=\"p5\">https:\/\/policies.google.com\/privacy?hl=de<span class=\"s3\">.<\/span><\/p><p class=\"p4\">F\u00f6retaget har en certifiering enligt \u201dEU-US Data Privacy Framework\u201d (DPF). <\/p><p class=\"p4\">DPF \u00e4r en \u00f6verenskommelse mellan Europeiska unionen och USA som s\u00e4kerst\u00e4ller att<\/p><p class=\"p4\">europeiska dataskyddsstandarder f\u00f6ljs vid databehandling i USA. Varje f\u00f6retag som \u00e4r certifierat enligt <\/p><p class=\"p4\">DPF f\u00f6rbinder sig att f\u00f6lja dessa dataskyddsstandarder. Ytterligare <\/p><p class=\"p4\">information om detta f\u00e5r du fr\u00e5n leverant\u00f6ren under f\u00f6ljande l\u00e4nk:<\/p><p class=\"p5\">https:\/\/www.dataprivacyframework.gov\/participant\/5780<span class=\"s3\">.<\/span><\/p><p class=\"p3\">Google Maps<\/p><p class=\"p4\">Den h\u00e4r sidan anv\u00e4nder karttj\u00e4nsten Google Maps. Leverant\u00f6ren \u00e4r Google Ireland Limited (\u201dGoogle\u201d), Gordon <\/p><p class=\"p4\">House, Barrow Street, Dublin 4, Irland. Med hj\u00e4lp av denna tj\u00e4nst kan vi integrera kartmaterial p\u00e5 v\u00e5r webbplats. <\/p><p class=\"p4\">F\u00f6r att anv\u00e4nda funktionerna i Google Maps \u00e4r det n\u00f6dv\u00e4ndigt att spara din IP-adress. Denna information \u00f6verf\u00f6rs i regel till en server fr\u00e5n Google i USA och sparas d\u00e4r. <\/p><p class=\"p4\">Leverant\u00f6ren av denna sida har inget inflytande \u00f6ver denna data\u00f6verf\u00f6ring. N\u00e4r Google Maps \u00e4r aktiverat kan Google anv\u00e4nda Google Fonts f\u00f6r att enhetligt visa teckensnitten. N\u00e4r du \u00f6ppnar Google Maps laddar din webbl\u00e4sare de webbteckensnitt som beh\u00f6vs i webbl\u00e4sarens cacheminne f\u00f6r att visa texter och teckensnitt korrekt.  <\/p><p class=\"p4\">Anv\u00e4ndningen av Google Maps sker i syfte att presentera v\u00e5ra online-erbjudanden p\u00e5 ett tilltalande s\u00e4tt och att g\u00f6ra det l\u00e4tt att hitta de platser som vi anger p\u00e5 webbplatsen. Detta utg\u00f6r ett ber\u00e4ttigat intresse i den mening som avses i artikel 6.1 f i GDPR. Om ett motsvarande samtycke har inh\u00e4mtats sker behandlingen uteslutande p\u00e5 grundval av artikel 6.1 a i GDPR och \u00a7 25.1 i TDDDG, i den m\u00e5n samtycket omfattar lagring av cookies eller \u00e5tkomst till information i anv\u00e4ndarens slutenhet (t.ex. Device-Fingerprinting) i den mening som avses i TDDDG. Samtycket kan \u00e5terkallas n\u00e4r som helst.        <\/p><p class=\"p4\">Data\u00f6verf\u00f6ringen till USA baseras p\u00e5 EU-kommissionens standardavtalsklausuler.<\/p><p class=\"p4\">Detaljer hittar du h\u00e4r:<\/p><p class=\"p5\">https:\/\/privacy.google.com\/businesses\/gdprcontrollerterms\/<span class=\"s3\"> och<\/span><\/p><p class=\"p5\">https:\/\/privacy.google.com\/businesses\/gdprcontrollerterms\/sccs\/<span class=\"s3\">.<\/span><\/p><p class=\"p4\">Mer information om hantering av anv\u00e4ndardata hittar du i Googles dataskyddsf\u00f6rklaring:<\/p><p class=\"p5\">https:\/\/policies.google.com\/privacy?hl=de<span class=\"s3\">.<\/span><\/p><p class=\"p4\">F\u00f6retaget har en certifiering enligt \u201dEU-US Data Privacy Framework\u201d (DPF). <\/p><p class=\"p4\">DPF \u00e4r en \u00f6verenskommelse mellan Europeiska unionen och USA som s\u00e4kerst\u00e4ller att<\/p><p class=\"p4\">europeiska dataskyddsstandarder f\u00f6ljs vid databehandling i USA. Varje f\u00f6retag som \u00e4r certifierat enligt <\/p><p class=\"p4\">DPF f\u00f6rbinder sig att f\u00f6lja dessa dataskyddsstandarder. Ytterligare <\/p><p class=\"p4\">information om detta f\u00e5r du fr\u00e5n leverant\u00f6ren under f\u00f6ljande l\u00e4nk:<\/p><p class=\"p5\">https:\/\/www.dataprivacyframework.gov\/participant\/5780<span class=\"s3\">.<\/span><\/p><p class=\"p4\">K\u00e4lla:<\/p><p class=\"p5\">https:\/\/www.e-recht24.de<\/p>\t\t\t\t\t\t\t\t<\/div>\n\t\t\t\t\t<\/div>\n\t\t\t\t<\/div>\n\t\t\t\t<\/div>\n\t\t","protected":false},"excerpt":{"rendered":"<p>Dataskyddspolicy 1. Dataskydd i korthet Allm\u00e4nna anvisningar F\u00f6ljande anvisningar ger en enkel \u00f6versikt \u00f6ver vad som h\u00e4nder med dina personuppgifter n\u00e4r du bes\u00f6ker denna webbplats. Personuppgifter \u00e4r alla uppgifter som kan identifiera dig personligen. Umf\u00f6rlig information om dataskydd finns i v\u00e5r dataskyddsf\u00f6rklaring som du hittar under denna text. Datainsamling p\u00e5 denna webbplats Vem \u00e4r ansvarig [&hellip;]<\/p>\n","protected":false},"author":1,"featured_media":0,"parent":0,"menu_order":0,"comment_status":"closed","ping_status":"open","template":"","meta":{"footnotes":""},"class_list":["post-1603","page","type-page","status-publish","hentry"],"_links":{"self":[{"href":"https:\/\/coaching-therapie-muenchen.de\/sv\/wp-json\/wp\/v2\/pages\/1603","targetHints":{"allow":["GET"]}}],"collection":[{"href":"https:\/\/coaching-therapie-muenchen.de\/sv\/wp-json\/wp\/v2\/pages"}],"about":[{"href":"https:\/\/coaching-therapie-muenchen.de\/sv\/wp-json\/wp\/v2\/types\/page"}],"author":[{"embeddable":true,"href":"https:\/\/coaching-therapie-muenchen.de\/sv\/wp-json\/wp\/v2\/users\/1"}],"replies":[{"embeddable":true,"href":"https:\/\/coaching-therapie-muenchen.de\/sv\/wp-json\/wp\/v2\/comments?post=1603"}],"version-history":[{"count":1,"href":"https:\/\/coaching-therapie-muenchen.de\/sv\/wp-json\/wp\/v2\/pages\/1603\/revisions"}],"predecessor-version":[{"id":1604,"href":"https:\/\/coaching-therapie-muenchen.de\/sv\/wp-json\/wp\/v2\/pages\/1603\/revisions\/1604"}],"wp:attachment":[{"href":"https:\/\/coaching-therapie-muenchen.de\/sv\/wp-json\/wp\/v2\/media?parent=1603"}],"curies":[{"name":"wp","href":"https:\/\/api.w.org\/{rel}","templated":true}]}}