{"id":1557,"date":"2025-12-14T19:26:02","date_gmt":"2025-12-14T18:26:02","guid":{"rendered":"https:\/\/coaching-therapie-muenchen.de\/exempelsida\/"},"modified":"2026-02-16T18:18:41","modified_gmt":"2026-02-16T17:18:41","slug":"exempelsida","status":"publish","type":"page","link":"https:\/\/coaching-therapie-muenchen.de\/sv\/exempelsida\/","title":{"rendered":"Exempelsida"},"content":{"rendered":"\n<p>Det h\u00e4r \u00e4r en exempelsida. Den skiljer sig fr\u00e5n ett blogginl\u00e4gg eftersom den kommer att ligga kvar p\u00e5 samma plats och visas i din webbplats navigering (i de flesta teman). De flesta b\u00f6rjar med en Om-sida som presenterar dem f\u00f6r potentiella bes\u00f6kare. Det kan st\u00e5 n\u00e5got liknande detta:   <\/p>\n\n<blockquote class=\"wp-block-quote is-layout-flow wp-block-quote-is-layout-flow\">\n\n<p>Hej! Jag \u00e4r cykelbud p\u00e5 dagen, blivande sk\u00e5despelare p\u00e5 natten, och det h\u00e4r \u00e4r min webbplats. Jag bor i Los Angeles, har en fantastisk hund som heter Jack, och jag gillar pi\u00f1a coladas. (Och att bli f\u00e5ngad i regnet.)   <\/p>\n\n<\/blockquote>\n\n<p>&#8230;eller n\u00e5got liknande detta:<\/p>\n\n<blockquote class=\"wp-block-quote is-layout-flow wp-block-quote-is-layout-flow\">\n\n<p>XYZ Doohickey Company grundades 1971 och har sedan dess tillhandah\u00e5llit kvalitetsprodukter till allm\u00e4nheten. XYZ ligger i Gotham City och syssels\u00e4tter \u00f6ver 2 000 personer och g\u00f6r alla m\u00f6jliga fantastiska saker f\u00f6r Gotham-samh\u00e4llet. <\/p>\n\n<\/blockquote>\n\n<p>Som ny WordPress-anv\u00e4ndare b\u00f6r du g\u00e5 till <a href=\"https:\/\/coaching-therapie-muenchen.de\/wp-admin\/\">din instrumentpanel<\/a> f\u00f6r att ta bort den h\u00e4r sidan och skapa nya sidor f\u00f6r ditt inneh\u00e5ll. Ha s\u00e5 kul! <\/p>\n","protected":false},"excerpt":{"rendered":"<p>Det h\u00e4r \u00e4r en exempelsida. Den skiljer sig fr\u00e5n ett blogginl\u00e4gg eftersom den kommer att ligga kvar p\u00e5 samma plats och visas i din webbplats navigering (i de flesta teman). De flesta b\u00f6rjar med en Om-sida som presenterar dem f\u00f6r potentiella bes\u00f6kare. Det kan st\u00e5 n\u00e5got liknande detta: Hej! Jag \u00e4r cykelbud p\u00e5 dagen, blivande [&hellip;]<\/p>\n","protected":false},"author":1,"featured_media":0,"parent":0,"menu_order":0,"comment_status":"closed","ping_status":"open","template":"","meta":{"footnotes":""},"class_list":["post-1557","page","type-page","status-publish","hentry"],"_links":{"self":[{"href":"https:\/\/coaching-therapie-muenchen.de\/sv\/wp-json\/wp\/v2\/pages\/1557","targetHints":{"allow":["GET"]}}],"collection":[{"href":"https:\/\/coaching-therapie-muenchen.de\/sv\/wp-json\/wp\/v2\/pages"}],"about":[{"href":"https:\/\/coaching-therapie-muenchen.de\/sv\/wp-json\/wp\/v2\/types\/page"}],"author":[{"embeddable":true,"href":"https:\/\/coaching-therapie-muenchen.de\/sv\/wp-json\/wp\/v2\/users\/1"}],"replies":[{"embeddable":true,"href":"https:\/\/coaching-therapie-muenchen.de\/sv\/wp-json\/wp\/v2\/comments?post=1557"}],"version-history":[{"count":1,"href":"https:\/\/coaching-therapie-muenchen.de\/sv\/wp-json\/wp\/v2\/pages\/1557\/revisions"}],"predecessor-version":[{"id":1558,"href":"https:\/\/coaching-therapie-muenchen.de\/sv\/wp-json\/wp\/v2\/pages\/1557\/revisions\/1558"}],"wp:attachment":[{"href":"https:\/\/coaching-therapie-muenchen.de\/sv\/wp-json\/wp\/v2\/media?parent=1557"}],"curies":[{"name":"wp","href":"https:\/\/api.w.org\/{rel}","templated":true}]}}