{"id":1537,"date":"2025-12-18T22:42:11","date_gmt":"2025-12-18T21:42:11","guid":{"rendered":"https:\/\/coaching-therapie-muenchen.de\/om-mig\/"},"modified":"2026-02-16T18:18:45","modified_gmt":"2026-02-16T17:18:45","slug":"om-mig-terapeut-coach-muenchen","status":"publish","type":"page","link":"https:\/\/coaching-therapie-muenchen.de\/sv\/om-mig-terapeut-coach-muenchen\/","title":{"rendered":"Om mig"},"content":{"rendered":"\t\t<div data-elementor-type=\"wp-page\" data-elementor-id=\"1537\" class=\"elementor elementor-1537 elementor-149\" data-elementor-post-type=\"page\">\n\t\t\t\t<div class=\"elementor-element elementor-element-414dcaf e-flex e-con-boxed e-con e-parent\" data-id=\"414dcaf\" data-element_type=\"container\" data-e-type=\"container\" data-settings=\"{&quot;background_background&quot;:&quot;classic&quot;}\">\n\t\t\t\t\t<div class=\"e-con-inner\">\n\t\t\t\t<div class=\"elementor-element elementor-element-3ee62a6 elementor-widget elementor-widget-heading\" data-id=\"3ee62a6\" data-element_type=\"widget\" data-e-type=\"widget\" data-widget_type=\"heading.default\">\n\t\t\t\t\t<h1 class=\"elementor-heading-title elementor-size-default\">Parterapeut, terapeut &amp; coach i M\u00fcnchen<\/h1>\t\t\t\t<\/div>\n\t\t\t\t\t<\/div>\n\t\t\t\t<\/div>\n\t\t<div class=\"elementor-element elementor-element-db9ff6a e-flex e-con-boxed e-con e-parent\" data-id=\"db9ff6a\" data-element_type=\"container\" data-e-type=\"container\" data-settings=\"{&quot;background_background&quot;:&quot;classic&quot;}\">\n\t\t\t\t\t<div class=\"e-con-inner\">\n\t\t\t\t<div class=\"elementor-element elementor-element-bbd1dda elementor-widget elementor-widget-heading\" data-id=\"bbd1dda\" data-element_type=\"widget\" data-e-type=\"widget\" data-widget_type=\"heading.default\">\n\t\t\t\t\t<h2 class=\"elementor-heading-title elementor-size-default\">Kvalifikationer, erfarenheter och arbetss\u00e4tt<\/h2>\t\t\t\t<\/div>\n\t\t\t\t\t<\/div>\n\t\t\t\t<\/div>\n\t\t<div class=\"elementor-element elementor-element-057fe62 e-flex e-con-boxed e-con e-parent\" data-id=\"057fe62\" data-element_type=\"container\" data-e-type=\"container\" data-settings=\"{&quot;background_background&quot;:&quot;classic&quot;}\">\n\t\t\t\t\t<div class=\"e-con-inner\">\n\t\t<div class=\"elementor-element elementor-element-3c8569a e-con-full e-flex e-con e-child\" data-id=\"3c8569a\" data-element_type=\"container\" data-e-type=\"container\">\n\t\t\t\t<div class=\"elementor-element elementor-element-67109db elementor-widget elementor-widget-image\" data-id=\"67109db\" data-element_type=\"widget\" data-e-type=\"widget\" data-widget_type=\"image.default\">\n\t\t\t\t\t\t\t\t\t\t\t\t\t\t\t<img fetchpriority=\"high\" decoding=\"async\" width=\"787\" height=\"539\" src=\"https:\/\/coaching-therapie-muenchen.de\/wp-content\/uploads\/2025\/12\/Svensson_Lisa-Top-Therapeutin-Muenchen-.jpg\" class=\"attachment-large size-large wp-image-1538\" alt=\"Lisa Svensson Terapeut och parterapeut i M\u00fcnchen Portr\u00e4tt\" srcset=\"https:\/\/coaching-therapie-muenchen.de\/wp-content\/uploads\/2025\/12\/Svensson_Lisa-Top-Therapeutin-Muenchen-.jpg 787w, https:\/\/coaching-therapie-muenchen.de\/wp-content\/uploads\/2025\/12\/Svensson_Lisa-Top-Therapeutin-Muenchen--300x205.jpg 300w, https:\/\/coaching-therapie-muenchen.de\/wp-content\/uploads\/2025\/12\/Svensson_Lisa-Top-Therapeutin-Muenchen--768x526.jpg 768w\" sizes=\"(max-width: 787px) 100vw, 787px\" \/>\t\t\t\t\t\t\t\t\t\t\t\t\t\t\t<\/div>\n\t\t\t\t<\/div>\n\t\t<div class=\"elementor-element elementor-element-607098e e-con-full e-flex e-con e-child\" data-id=\"607098e\" data-element_type=\"container\" data-e-type=\"container\">\n\t\t\t\t<div class=\"elementor-element elementor-element-88676ee elementor-widget__width-initial elementor-widget elementor-widget-heading\" data-id=\"88676ee\" data-element_type=\"widget\" data-e-type=\"widget\" data-widget_type=\"heading.default\">\n\t\t\t\t\t<h2 class=\"elementor-heading-title elementor-size-default\">Om Lisa Svensson<\/h2>\t\t\t\t<\/div>\n\t\t\t\t<div class=\"elementor-element elementor-element-d7a2e67 elementor-widget elementor-widget-text-editor\" data-id=\"d7a2e67\" data-element_type=\"widget\" data-e-type=\"widget\" data-widget_type=\"text-editor.default\">\n\t\t\t\t\t\t\t\t\t<p>Jag har i 17 \u00e5r st\u00f6ttat m\u00e4nniskor i faser av f\u00f6r\u00e4ndring, kris och nyorientering \u2013 med tydlighet, v\u00e4rme och en fin k\u00e4nsla f\u00f6r det som vibrerar mellan raderna.<\/p>\t\t\t\t\t\t\t\t<\/div>\n\t\t\t\t<\/div>\n\t\t\t\t\t<\/div>\n\t\t\t\t<\/div>\n\t\t<div class=\"elementor-element elementor-element-68cebe8 e-flex e-con-boxed e-con e-parent\" data-id=\"68cebe8\" data-element_type=\"container\" data-e-type=\"container\" data-settings=\"{&quot;background_background&quot;:&quot;classic&quot;}\">\n\t\t\t\t\t<div class=\"e-con-inner\">\n\t\t\t\t<div class=\"elementor-element elementor-element-5636b73 elementor-widget elementor-widget-text-editor\" data-id=\"5636b73\" data-element_type=\"widget\" data-e-type=\"widget\" data-widget_type=\"text-editor.default\">\n\t\t\t\t\t\t\t\t\t<p>Jag \u00e4r f\u00f6dd och uppvuxen i Sverige, och sedan 2004 bor jag i M\u00fcnchen-Schwabing \u2013 med min tyska man och v\u00e5ra tre barn. Min terapeutiska h\u00e5llning pr\u00e4glas starkt av mitt skandinaviska ursprung: en naturlig tydlighet, or\u00e4ddhet i hanteringen av sv\u00e5ra \u00e4mnen och en lekfull kreativitet som m\u00f6jligg\u00f6r utveckling utan att skapa press. <\/p><p>Min terapeutiska kompetens bygger p\u00e5 tv\u00e5 pelare: <strong>en gedigen terapeutisk utbildning och ett m\u00e5ng\u00e5rigt, intensivt arbete med klienter.<\/strong> S\u00e4rskilt pr\u00e4glad har jag blivit av min gestaltterapiutbildning hos en ovanligt klok l\u00e4rare, som har f\u00f6rmedlat en djup k\u00e4nsla f\u00f6r kontakt, timing och det fina i att uppfatta inre processer. Denna kombination av <strong>hantverksm\u00e4ssig tydlighet och erfarenhet<\/strong> utg\u00f6r grunden f\u00f6r mitt arbete. <\/p>\t\t\t\t\t\t\t\t<\/div>\n\t\t\t\t\t<\/div>\n\t\t\t\t<\/div>\n\t\t<div class=\"elementor-element elementor-element-f3e4226 e-flex e-con-boxed e-con e-parent\" data-id=\"f3e4226\" data-element_type=\"container\" data-e-type=\"container\" data-settings=\"{&quot;background_background&quot;:&quot;classic&quot;}\">\n\t\t\t\t\t<div class=\"e-con-inner\">\n\t\t\t\t<div class=\"elementor-element elementor-element-bb822d0 elementor-widget elementor-widget-text-editor\" data-id=\"bb822d0\" data-element_type=\"widget\" data-e-type=\"widget\" data-widget_type=\"text-editor.default\">\n\t\t\t\t\t\t\t\t\t<p>En avg\u00f6rande f\u00f6rdjupning har mitt arbete f\u00e5tt genom min m\u00e5ng\u00e5riga <strong>buddhistiska skolning<\/strong>. Genom intensiv meditationspraktik har jag utvecklat en mycket fin k\u00e4nsla f\u00f6r inre r\u00f6relser. Jag uppfattar var energin fl\u00f6dar och var den stockar sig, och kan <strong>leda v\u00e5rt gemensamma arbete precist dit d\u00e4r f\u00f6r\u00e4ndring \u00e4r m\u00f6jlig och meningsfull.<\/strong>  <\/p><p>Samtidigt har denna skolning pr\u00e4glat mig i den <strong>differentierade utforskningen av det m\u00e4nskliga psyket \u00e4nda ner till dess essens<\/strong>: v\u00e5r i grunden sunda, levande, kloka och medk\u00e4nnande k\u00e4rna. Denna f\u00f6rst\u00e5else utg\u00f6r en stilla, men kraftfull bakgrund till mitt arbete. <\/p><p>F\u00f6r mig \u00e4r det en ovanligt effektiv kombination: djupet i buddhistisk meditationsskolning f\u00f6renat med gedigna, konventionella terapeutiska metoder. Det ger mitt arbete tydlighet, precision och en speciell effektivitet \u2013 <strong>ofta bortom det som klienterna hade f\u00f6rv\u00e4ntat sig.<\/strong> <\/p><p>Vid sidan av mitt terapeutiska arbete \u00e4r jag \u00e4ven verksam som buddhistisk l\u00e4rare och utbildare f\u00f6r terapeuter.<\/p>\t\t\t\t\t\t\t\t<\/div>\n\t\t\t\t\t<\/div>\n\t\t\t\t<\/div>\n\t\t<div class=\"elementor-element elementor-element-764d16e e-flex e-con-boxed e-con e-parent\" data-id=\"764d16e\" data-element_type=\"container\" data-e-type=\"container\" data-settings=\"{&quot;background_background&quot;:&quot;classic&quot;}\">\n\t\t\t\t\t<div class=\"e-con-inner\">\n\t\t\t\t<div class=\"elementor-element elementor-element-041f262 elementor-widget elementor-widget-heading\" data-id=\"041f262\" data-element_type=\"widget\" data-e-type=\"widget\" data-widget_type=\"heading.default\">\n\t\t\t\t\t<h2 class=\"elementor-heading-title elementor-size-default\">Ett intryck av mitt arbete -p\u00e5 tyska<\/h2>\t\t\t\t<\/div>\n\t\t\t\t\t<\/div>\n\t\t\t\t<\/div>\n\t\t<div class=\"elementor-element elementor-element-6aa6dc4 e-flex e-con-boxed e-con e-parent\" data-id=\"6aa6dc4\" data-element_type=\"container\" data-e-type=\"container\" data-settings=\"{&quot;background_background&quot;:&quot;classic&quot;}\">\n\t\t\t\t\t<div class=\"e-con-inner\">\n\t\t<div class=\"elementor-element elementor-element-d7fbbd7 e-con-full e-flex e-con e-child\" data-id=\"d7fbbd7\" data-element_type=\"container\" data-e-type=\"container\">\n\t\t\t\t<div class=\"elementor-element elementor-element-e7f9674 elementor-widget elementor-widget-video\" data-id=\"e7f9674\" data-element_type=\"widget\" data-e-type=\"widget\" data-settings=\"{&quot;youtube_url&quot;:&quot;https:\\\/\\\/www.youtube.com\\\/watch?v=grhIP7RRce8&quot;,&quot;video_type&quot;:&quot;youtube&quot;,&quot;controls&quot;:&quot;yes&quot;}\" data-widget_type=\"video.default\">\n\t\t\t\t\t\t\t<div class=\"elementor-wrapper elementor-open-inline\">\n\t\t\t<div class=\"elementor-video\"><\/div>\t\t<\/div>\n\t\t\t\t\t\t<\/div>\n\t\t\t\t<\/div>\n\t\t<div class=\"elementor-element elementor-element-77f99fd e-con-full e-flex e-con e-child\" data-id=\"77f99fd\" data-element_type=\"container\" data-e-type=\"container\">\n\t\t\t\t<div class=\"elementor-element elementor-element-ab5c707 elementor-widget elementor-widget-video\" data-id=\"ab5c707\" data-element_type=\"widget\" data-e-type=\"widget\" data-settings=\"{&quot;youtube_url&quot;:&quot;https:\\\/\\\/youtube.com\\\/shorts\\\/TizWRyQIUkg?si=rpKHNOBg_XoNBrlR&quot;,&quot;video_type&quot;:&quot;youtube&quot;,&quot;controls&quot;:&quot;yes&quot;}\" data-widget_type=\"video.default\">\n\t\t\t\t\t\t\t<div class=\"elementor-wrapper elementor-open-inline\">\n\t\t\t<div class=\"elementor-video\"><\/div>\t\t<\/div>\n\t\t\t\t\t\t<\/div>\n\t\t\t\t<\/div>\n\t\t<div class=\"elementor-element elementor-element-e9b06de e-con-full e-flex e-con e-child\" data-id=\"e9b06de\" data-element_type=\"container\" data-e-type=\"container\">\n\t\t\t\t<div class=\"elementor-element elementor-element-30938ea elementor-widget elementor-widget-video\" data-id=\"30938ea\" data-element_type=\"widget\" data-e-type=\"widget\" data-settings=\"{&quot;youtube_url&quot;:&quot;https:\\\/\\\/www.youtube.com\\\/shorts\\\/QPScFR1rq5M&quot;,&quot;video_type&quot;:&quot;youtube&quot;,&quot;controls&quot;:&quot;yes&quot;}\" data-widget_type=\"video.default\">\n\t\t\t\t\t\t\t<div class=\"elementor-wrapper elementor-open-inline\">\n\t\t\t<div class=\"elementor-video\"><\/div>\t\t<\/div>\n\t\t\t\t\t\t<\/div>\n\t\t\t\t<\/div>\n\t\t<div class=\"elementor-element elementor-element-8758fd7 e-con-full e-flex e-con e-child\" data-id=\"8758fd7\" data-element_type=\"container\" data-e-type=\"container\">\n\t\t\t\t<div class=\"elementor-element elementor-element-3dc2170 elementor-widget elementor-widget-video\" data-id=\"3dc2170\" data-element_type=\"widget\" data-e-type=\"widget\" data-settings=\"{&quot;youtube_url&quot;:&quot;https:\\\/\\\/youtube.com\\\/shorts\\\/lT_2F-kAiQA?si=TQNqmLCVydEuRlWf&quot;,&quot;video_type&quot;:&quot;youtube&quot;,&quot;controls&quot;:&quot;yes&quot;}\" data-widget_type=\"video.default\">\n\t\t\t\t\t\t\t<div class=\"elementor-wrapper elementor-open-inline\">\n\t\t\t<div class=\"elementor-video\"><\/div>\t\t<\/div>\n\t\t\t\t\t\t<\/div>\n\t\t\t\t<\/div>\n\t\t\t\t\t<\/div>\n\t\t\t\t<\/div>\n\t\t<div class=\"elementor-element elementor-element-b07c071 e-flex e-con-boxed e-con e-parent\" data-id=\"b07c071\" data-element_type=\"container\" data-e-type=\"container\" data-settings=\"{&quot;background_background&quot;:&quot;classic&quot;}\">\n\t\t\t\t\t<div class=\"e-con-inner\">\n\t\t\t\t<div class=\"elementor-element elementor-element-5c0afdd elementor-widget elementor-widget-heading\" data-id=\"5c0afdd\" data-element_type=\"widget\" data-e-type=\"widget\" data-widget_type=\"heading.default\">\n\t\t\t\t\t<h2 class=\"elementor-heading-title elementor-size-default\">H\u00e5llning &amp; arbetss\u00e4tt<\/h2>\t\t\t\t<\/div>\n\t\t\t\t\t<\/div>\n\t\t\t\t<\/div>\n\t\t<div class=\"elementor-element elementor-element-186715b e-flex e-con-boxed e-con e-parent\" data-id=\"186715b\" data-element_type=\"container\" data-e-type=\"container\" data-settings=\"{&quot;background_background&quot;:&quot;classic&quot;}\">\n\t\t\t\t\t<div class=\"e-con-inner\">\n\t\t\t\t<div class=\"elementor-element elementor-element-c2c59a1 elementor-widget elementor-widget-text-editor\" data-id=\"c2c59a1\" data-element_type=\"widget\" data-e-type=\"widget\" data-widget_type=\"text-editor.default\">\n\t\t\t\t\t\t\t\t\t<p>Jag tror innerligt p\u00e5 att varje m\u00e4nniska f\u00f6rfogar \u00f6ver sunda, kraftfulla inre resurser \u2013 \u00e4ven d\u00e5 n\u00e4r de f\u00f6r tillf\u00e4llet knappt verkar vara tillg\u00e4ngliga. <strong>I mitt arbete handlar det inte om att bli \u201dreparerad\u201d, utan om att \u00e5ter komma i kontakt med sin egen inre kraft och livfullhet.<\/strong><\/p><p>Jag arbetar individuellt och utan rigida koncept. Varje samarbete \u00e4r lika unikt som den m\u00e4nniska som sitter mittemot mig.<br>Jag lyssnar uppm\u00e4rksamt, st\u00e4ller riktade fr\u00e5gor och st\u00f6ttar dig i att b\u00e4ttre f\u00f6rst\u00e5 din inre situation och uppt\u00e4cka nya handlingsutrymmen. <strong>Hj\u00e4lp till sj\u00e4lvhj\u00e4lp \u00e4r d\u00e4rvid ett centralt element: Mitt m\u00e5l \u00e4r att st\u00e4rka din egen kompetens<\/strong>. <\/p><p>M\u00e5nga klienter uppskattar s\u00e4rskilt friheten att sj\u00e4lva best\u00e4mma rytmen i sessionerna. Hos mig finns inga fasta program eller avtalsm\u00e4ssiga bindningar \u2013 du kommer som det k\u00e4nns r\u00e4tt f\u00f6r dig. <\/p>\t\t\t\t\t\t\t\t<\/div>\n\t\t\t\t\t<\/div>\n\t\t\t\t<\/div>\n\t\t<div class=\"elementor-element elementor-element-8bb277f e-flex e-con-boxed e-con e-parent\" data-id=\"8bb277f\" data-element_type=\"container\" data-e-type=\"container\" data-settings=\"{&quot;background_background&quot;:&quot;classic&quot;}\">\n\t\t\t\t\t<div class=\"e-con-inner\">\n\t\t\t\t<div class=\"elementor-element elementor-element-ac0da47 elementor-widget elementor-widget-heading\" data-id=\"ac0da47\" data-element_type=\"widget\" data-e-type=\"widget\" data-widget_type=\"heading.default\">\n\t\t\t\t\t<h2 class=\"elementor-heading-title elementor-size-default\">Vem jag arbetar med<\/h2>\t\t\t\t<\/div>\n\t\t\t\t\t<\/div>\n\t\t\t\t<\/div>\n\t\t<div class=\"elementor-element elementor-element-1dd0f51 e-flex e-con-boxed e-con e-parent\" data-id=\"1dd0f51\" data-element_type=\"container\" data-e-type=\"container\" data-settings=\"{&quot;background_background&quot;:&quot;classic&quot;}\">\n\t\t\t\t\t<div class=\"e-con-inner\">\n\t\t\t\t<div class=\"elementor-element elementor-element-e12b38a elementor-widget elementor-widget-text-editor\" data-id=\"e12b38a\" data-element_type=\"widget\" data-e-type=\"widget\" data-widget_type=\"text-editor.default\">\n\t\t\t\t\t\t\t\t\t<p>I min mottagning vid M\u00fcnchner Freiheit st\u00f6ttar jag:<\/p><ul><li>Enskilda och par<\/li><li>M\u00e4nniskor med bland annat \u00e5ngest, depressiva faser eller relationsproblem<\/li><li>Yrkesverksamma i belastande situationer<\/li><li>Ungdomar med skol- eller relationssv\u00e5righeter<\/li><li>M\u00e4nniskor som vill hitta en ny inriktning eller s\u00f6ker mer klarhet f\u00f6r sin livsv\u00e4g<\/li><\/ul>\t\t\t\t\t\t\t\t<\/div>\n\t\t\t\t\t<\/div>\n\t\t\t\t<\/div>\n\t\t<div class=\"elementor-element elementor-element-e51f0e6 e-flex e-con-boxed e-con e-parent\" data-id=\"e51f0e6\" data-element_type=\"container\" data-e-type=\"container\" data-settings=\"{&quot;background_background&quot;:&quot;classic&quot;}\">\n\t\t\t\t\t<div class=\"e-con-inner\">\n\t\t\t\t<div class=\"elementor-element elementor-element-f2878a0 elementor-widget elementor-widget-heading\" data-id=\"f2878a0\" data-element_type=\"widget\" data-e-type=\"widget\" data-widget_type=\"heading.default\">\n\t\t\t\t\t<h2 class=\"elementor-heading-title elementor-size-default\">Kvalifikation &amp; bakgrund<\/h2>\t\t\t\t<\/div>\n\t\t\t\t\t<\/div>\n\t\t\t\t<\/div>\n\t\t<div class=\"elementor-element elementor-element-6488ebb e-flex e-con-boxed e-con e-parent\" data-id=\"6488ebb\" data-element_type=\"container\" data-e-type=\"container\" data-settings=\"{&quot;background_background&quot;:&quot;classic&quot;}\">\n\t\t\t\t\t<div class=\"e-con-inner\">\n\t\t\t\t<div class=\"elementor-element elementor-element-dc56278 elementor-widget elementor-widget-text-editor\" data-id=\"dc56278\" data-element_type=\"widget\" data-e-type=\"widget\" data-widget_type=\"text-editor.default\">\n\t\t\t\t\t\t\t\t\t<p>Jag arbetar p\u00e5 basis av en <b>gedigen universitetsutbildning, ett antal utbildningar i psykoterapeutiskt arbete<\/b> samt m\u00e5ng\u00e5rig terapeutisk praktik.<\/p><p>Min ursprungliga yrkesbana som <b>farmaceut med svensk och tysk legitimation<\/b> pr\u00e4glar mitt arbete \u00e4n idag: vetenskapligt grundat, differentierat och med en djup f\u00f6rst\u00e5else f\u00f6r kroppsligt-sj\u00e4lsliga sammanhang.<\/p><p>Denna bakgrund kompletteras av:<\/p><ul><li>en utbildning till Heilpraktikerin f\u00f6r psykoterapi<\/li><li>en fem\u00e5rig gestaltterapiutbildning<\/li><li>systemisk par- och familjeterapi<\/li><li>Sexualterapimetoder som Sexocorporel och systemisk sexualterapi<\/li><li>m\u00e5ng\u00e5rig erfarenhet av meditation, mindfulness och buddhistisk-psykologiska helandemetoder<\/li><\/ul><p> <\/p><p>Regelbunden handledning och kontinuerlig fortbildning \u00e4r en sj\u00e4lvklarhet f\u00f6r mig.<\/p>\t\t\t\t\t\t\t\t<\/div>\n\t\t\t\t\t<\/div>\n\t\t\t\t<\/div>\n\t\t<div class=\"elementor-element elementor-element-d555abc e-flex e-con-boxed e-con e-parent\" data-id=\"d555abc\" data-element_type=\"container\" data-e-type=\"container\" data-settings=\"{&quot;background_background&quot;:&quot;classic&quot;}\">\n\t\t\t\t\t<div class=\"e-con-inner\">\n\t\t\t\t<div class=\"elementor-element elementor-element-9249b6d elementor-widget elementor-widget-heading\" data-id=\"9249b6d\" data-element_type=\"widget\" data-e-type=\"widget\" data-widget_type=\"heading.default\">\n\t\t\t\t\t<h2 class=\"elementor-heading-title elementor-size-default\">Kortprofil Lisa Svensson<\/h2>\t\t\t\t<\/div>\n\t\t\t\t\t<\/div>\n\t\t\t\t<\/div>\n\t\t<div class=\"elementor-element elementor-element-f7a5aef e-flex e-con-boxed e-con e-parent\" data-id=\"f7a5aef\" data-element_type=\"container\" data-e-type=\"container\" data-settings=\"{&quot;background_background&quot;:&quot;classic&quot;}\">\n\t\t\t\t\t<div class=\"e-con-inner\">\n\t\t\t\t<div class=\"elementor-element elementor-element-84e967d elementor-widget elementor-widget-text-editor\" data-id=\"84e967d\" data-element_type=\"widget\" data-e-type=\"widget\" data-widget_type=\"text-editor.default\">\n\t\t\t\t\t\t\t\t\t<ul><li>F\u00f6dd 1974 i Sverige<\/li><li>Farmaceut (svensk &amp; tysk legitimation sedan 2001)<\/li><li>Heilpraktikerin f\u00f6r psykoterapi sedan 2008<\/li><li>Gestaltterapeut (Institut Dr. med. Barbara Staemmler)<\/li><li>Systemisk par- och familjeterapi<\/li><li>Egen mottagning f\u00f6r individuell terapi och parterapi sedan 2008<\/li><li>Certifierad l\u00e4rare i buddhistisk-psykologiska helandemetoder som \u201dGe n\u00e4ring \u00e5t demonerna\u201d<\/li><li>M\u00e5ng\u00e5rig internationell yrkeserfarenhet (Sverige, Tyskland, Afrika, engelskspr\u00e5kigt omr\u00e5de)<\/li><\/ul>\t\t\t\t\t\t\t\t<\/div>\n\t\t\t\t\t<\/div>\n\t\t\t\t<\/div>\n\t\t<div class=\"elementor-element elementor-element-5f67b4c e-flex e-con-boxed e-con e-parent\" data-id=\"5f67b4c\" data-element_type=\"container\" data-e-type=\"container\" data-settings=\"{&quot;background_background&quot;:&quot;classic&quot;}\">\n\t\t\t\t\t<div class=\"e-con-inner\">\n\t\t<div class=\"elementor-element elementor-element-4ba53b9 e-con-full e-flex e-con e-child\" data-id=\"4ba53b9\" data-element_type=\"container\" data-e-type=\"container\">\n\t\t<div class=\"elementor-element elementor-element-41b1b87 e-con-full e-flex e-con e-child\" data-id=\"41b1b87\" data-element_type=\"container\" data-e-type=\"container\">\n\t\t\t\t<div class=\"elementor-element elementor-element-c1d626c elementor-align-right elementor-mobile-align-center elementor-widget elementor-widget-button\" data-id=\"c1d626c\" data-element_type=\"widget\" data-e-type=\"widget\" data-widget_type=\"button.default\">\n\t\t\t\t\t\t\t\t\t\t<a class=\"elementor-button elementor-button-link elementor-size-sm\" href=\"https:\/\/calendly.com\/svensson-gixk\/umsonst-kennenlernen-free-get-to-know\" target=\"_blank\" rel=\"noopener\">\n\t\t\t\t\t\t<span class=\"elementor-button-content-wrapper\">\n\t\t\t\t\t\t\t\t\t<span class=\"elementor-button-text\">Kostnadsfritt l\u00e4ra-k\u00e4nna-samtal<\/span>\n\t\t\t\t\t<\/span>\n\t\t\t\t\t<\/a>\n\t\t\t\t\t\t\t\t<\/div>\n\t\t\t\t<\/div>\n\t\t<div class=\"elementor-element elementor-element-b64ac60 e-con-full e-flex e-con e-child\" data-id=\"b64ac60\" data-element_type=\"container\" data-e-type=\"container\">\n\t\t\t\t<div class=\"elementor-element elementor-element-9148cd9 elementor-align-left elementor-mobile-align-center elementor-widget elementor-widget-button\" data-id=\"9148cd9\" data-element_type=\"widget\" data-e-type=\"widget\" data-widget_type=\"button.default\">\n\t\t\t\t\t\t\t\t\t\t<a class=\"elementor-button elementor-button-link elementor-size-sm\" href=\"https:\/\/coaching-therapie-muenchen.de\/sv\/kontakt-priser-bokning-coach-terapeut-muenchen\/\">\n\t\t\t\t\t\t<span class=\"elementor-button-content-wrapper\">\n\t\t\t\t\t\t\t\t\t<span class=\"elementor-button-text\">Boka en ordinarie sittning<\/span>\n\t\t\t\t\t<\/span>\n\t\t\t\t\t<\/a>\n\t\t\t\t\t\t\t\t<\/div>\n\t\t\t\t<\/div>\n\t\t\t\t<\/div>\n\t\t\t\t\t<\/div>\n\t\t\t\t<\/div>\n\t\t\t\t<\/div>\n\t\t","protected":false},"excerpt":{"rendered":"<p>Parterapeut, terapeut &amp; coach i M\u00fcnchen Kvalifikationer, erfarenheter och arbetss\u00e4tt Om Lisa Svensson Jag har i 17 \u00e5r st\u00f6ttat m\u00e4nniskor i faser av f\u00f6r\u00e4ndring, kris och nyorientering \u2013 med tydlighet, v\u00e4rme och en fin k\u00e4nsla f\u00f6r det som vibrerar mellan raderna. Jag \u00e4r f\u00f6dd och uppvuxen i Sverige, och sedan 2004 bor jag i M\u00fcnchen-Schwabing [&hellip;]<\/p>\n","protected":false},"author":1,"featured_media":0,"parent":0,"menu_order":0,"comment_status":"closed","ping_status":"closed","template":"","meta":{"footnotes":""},"class_list":["post-1537","page","type-page","status-publish","hentry"],"_links":{"self":[{"href":"https:\/\/coaching-therapie-muenchen.de\/sv\/wp-json\/wp\/v2\/pages\/1537","targetHints":{"allow":["GET"]}}],"collection":[{"href":"https:\/\/coaching-therapie-muenchen.de\/sv\/wp-json\/wp\/v2\/pages"}],"about":[{"href":"https:\/\/coaching-therapie-muenchen.de\/sv\/wp-json\/wp\/v2\/types\/page"}],"author":[{"embeddable":true,"href":"https:\/\/coaching-therapie-muenchen.de\/sv\/wp-json\/wp\/v2\/users\/1"}],"replies":[{"embeddable":true,"href":"https:\/\/coaching-therapie-muenchen.de\/sv\/wp-json\/wp\/v2\/comments?post=1537"}],"version-history":[{"count":8,"href":"https:\/\/coaching-therapie-muenchen.de\/sv\/wp-json\/wp\/v2\/pages\/1537\/revisions"}],"predecessor-version":[{"id":2242,"href":"https:\/\/coaching-therapie-muenchen.de\/sv\/wp-json\/wp\/v2\/pages\/1537\/revisions\/2242"}],"wp:attachment":[{"href":"https:\/\/coaching-therapie-muenchen.de\/sv\/wp-json\/wp\/v2\/media?parent=1537"}],"curies":[{"name":"wp","href":"https:\/\/api.w.org\/{rel}","templated":true}]}}